{"id":3966,"date":"2021-09-21T14:45:32","date_gmt":"2021-09-21T14:45:32","guid":{"rendered":"https:\/\/www.apload.pt\/homepage\/arquitectura-paisagista\/portfolio\/requalificacao-urbana\/requalificacao-da-frente-ribeirinha-do-pomarao\/"},"modified":"2023-11-15T22:09:12","modified_gmt":"2023-11-15T22:09:12","slug":"requalification-of-the-pomarao-riverfront","status":"publish","type":"page","link":"https:\/\/www.apload.pt\/en\/homepage\/landscape-architecture\/portfolio\/urban-renewal\/requalification-of-the-pomarao-riverfront\/","title":{"rendered":"Requalification of the Pomar\u00e3o Riverfront"},"content":{"rendered":"\t\t<div data-elementor-type=\"wp-page\" data-elementor-id=\"3966\" class=\"elementor elementor-3966 elementor-614\" data-elementor-post-type=\"page\">\n\t\t\t\t\t\t<header class=\"elementor-section elementor-top-section elementor-element elementor-element-b7ad207 elementor-section-full_width elementor-section-stretched elementor-section-height-default elementor-section-height-default\" data-id=\"b7ad207\" data-element_type=\"section\" data-e-type=\"section\" data-settings=\"{&quot;stretch_section&quot;:&quot;section-stretched&quot;}\">\n\t\t\t\t\t\t<div class=\"elementor-container elementor-column-gap-default\">\n\t\t\t\t\t<div class=\"elementor-column elementor-col-33 elementor-top-column elementor-element elementor-element-cd45cf0\" data-id=\"cd45cf0\" data-element_type=\"column\" data-e-type=\"column\">\n\t\t\t<div class=\"elementor-widget-wrap elementor-element-populated\">\n\t\t\t\t\t\t<div class=\"elementor-element elementor-element-985633c elementor-widget elementor-widget-image\" data-id=\"985633c\" data-element_type=\"widget\" data-e-type=\"widget\" data-widget_type=\"image.default\">\n\t\t\t\t<div class=\"elementor-widget-container\">\n\t\t\t\t\t\t\t\t\t\t\t\t\t\t\t\t<a href=\"https:\/\/www.apload.pt\/en\/homepage\/arquitectura-paisagista\/\">\n\t\t\t\t\t\t\t<img decoding=\"async\" width=\"229\" height=\"106\" src=\"https:\/\/www.apload.pt\/wp-content\/uploads\/2021\/09\/logo-1.png\" class=\"attachment-large size-large wp-image-3255\" alt=\"\" style=\"width:100%;height:46.29%;max-width:229px\" \/>\t\t\t\t\t\t\t\t<\/a>\n\t\t\t\t\t\t\t\t\t\t\t\t\t\t\t<\/div>\n\t\t\t\t<\/div>\n\t\t\t\t\t<\/div>\n\t\t<\/div>\n\t\t\t\t<div class=\"elementor-column elementor-col-33 elementor-top-column elementor-element elementor-element-84cb0ba elementor-hidden-mobile\" data-id=\"84cb0ba\" data-element_type=\"column\" data-e-type=\"column\">\n\t\t\t<div class=\"elementor-widget-wrap elementor-element-populated\">\n\t\t\t\t\t\t<div class=\"elementor-element elementor-element-918fe91 elementor-nav-menu__align-end elementor-nav-menu--stretch elementor-nav-menu--dropdown-tablet elementor-nav-menu__text-align-aside elementor-nav-menu--toggle elementor-nav-menu--burger elementor-widget elementor-widget-nav-menu\" data-id=\"918fe91\" data-element_type=\"widget\" data-e-type=\"widget\" data-settings=\"{&quot;full_width&quot;:&quot;stretch&quot;,&quot;layout&quot;:&quot;horizontal&quot;,&quot;submenu_icon&quot;:{&quot;value&quot;:&quot;&lt;i class=\\&quot;fas fa-caret-down\\&quot; aria-hidden=\\&quot;true\\&quot;&gt;&lt;\\\/i&gt;&quot;,&quot;library&quot;:&quot;fa-solid&quot;},&quot;toggle&quot;:&quot;burger&quot;}\" data-widget_type=\"nav-menu.default\">\n\t\t\t\t<div class=\"elementor-widget-container\">\n\t\t\t\t\t\t\t\t<nav aria-label=\"Menu\" class=\"elementor-nav-menu--main elementor-nav-menu__container elementor-nav-menu--layout-horizontal e--pointer-underline e--animation-fade\">\n\t\t\t\t<ul id=\"menu-1-918fe91\" class=\"elementor-nav-menu\"><li class=\"menu-item menu-item-type-post_type menu-item-object-page menu-item-4006\"><a href=\"https:\/\/www.apload.pt\/en\/homepage\/landscape-architecture\/\" class=\"elementor-item\">LANDSCAPE ARCHITECTURE<\/a><\/li>\n<li class=\"menu-item menu-item-type-post_type menu-item-object-page menu-item-4007\"><a href=\"https:\/\/www.apload.pt\/en\/homepage\/evaluation-and-social-planning\/\" class=\"elementor-item\">EVALUATION AND SOCIAL PLANNING<\/a><\/li>\n<li class=\"menu-item wpml-ls-slot-4 wpml-ls-item wpml-ls-item-pt-pt wpml-ls-menu-item wpml-ls-first-item wpml-ls-last-item menu-item-type-wpml_ls_menu_item menu-item-object-wpml_ls_menu_item menu-item-wpml-ls-4-pt-pt\"><a href=\"https:\/\/www.apload.pt\/\" title=\"Switch to Portuguese (Portugal)\" aria-label=\"Switch to Portuguese (Portugal)\" class=\"elementor-item\"><img decoding=\"async\"\n            class=\"wpml-ls-flag\"\n            src=\"https:\/\/www.apload.pt\/wp-content\/plugins\/sitepress-multilingual-cms\/res\/flags\/pt-pt.svg\"\n            alt=\"Portuguese (Portugal)\"\n            loading=\"lazy\"\n            \n            \n    \/><\/a><\/li>\n<\/ul>\t\t\t<\/nav>\n\t\t\t\t\t<div class=\"elementor-menu-toggle\" role=\"button\" tabindex=\"0\" aria-label=\"Menu Toggle\" aria-expanded=\"false\">\n\t\t\t<i aria-hidden=\"true\" role=\"presentation\" class=\"elementor-menu-toggle__icon--open eicon-menu-bar\"><\/i><i aria-hidden=\"true\" role=\"presentation\" class=\"elementor-menu-toggle__icon--close eicon-close\"><\/i>\t\t<\/div>\n\t\t\t\t\t<nav class=\"elementor-nav-menu--dropdown elementor-nav-menu__container\" aria-hidden=\"true\">\n\t\t\t\t<ul id=\"menu-2-918fe91\" class=\"elementor-nav-menu\"><li class=\"menu-item menu-item-type-post_type menu-item-object-page menu-item-4006\"><a href=\"https:\/\/www.apload.pt\/en\/homepage\/landscape-architecture\/\" class=\"elementor-item\" tabindex=\"-1\">LANDSCAPE ARCHITECTURE<\/a><\/li>\n<li class=\"menu-item menu-item-type-post_type menu-item-object-page menu-item-4007\"><a href=\"https:\/\/www.apload.pt\/en\/homepage\/evaluation-and-social-planning\/\" class=\"elementor-item\" tabindex=\"-1\">EVALUATION AND SOCIAL PLANNING<\/a><\/li>\n<li class=\"menu-item wpml-ls-slot-4 wpml-ls-item wpml-ls-item-pt-pt wpml-ls-menu-item wpml-ls-first-item wpml-ls-last-item menu-item-type-wpml_ls_menu_item menu-item-object-wpml_ls_menu_item menu-item-wpml-ls-4-pt-pt\"><a href=\"https:\/\/www.apload.pt\/\" title=\"Switch to Portuguese (Portugal)\" aria-label=\"Switch to Portuguese (Portugal)\" class=\"elementor-item\" tabindex=\"-1\"><img decoding=\"async\"\n            class=\"wpml-ls-flag\"\n            src=\"https:\/\/www.apload.pt\/wp-content\/plugins\/sitepress-multilingual-cms\/res\/flags\/pt-pt.svg\"\n            alt=\"Portuguese (Portugal)\"\n            loading=\"lazy\"\n            \n            \n    \/><\/a><\/li>\n<\/ul>\t\t\t<\/nav>\n\t\t\t\t\t\t<\/div>\n\t\t\t\t<\/div>\n\t\t\t\t\t<\/div>\n\t\t<\/div>\n\t\t\t\t<div class=\"elementor-column elementor-col-33 elementor-top-column elementor-element elementor-element-06b7582\" data-id=\"06b7582\" data-element_type=\"column\" data-e-type=\"column\">\n\t\t\t<div class=\"elementor-widget-wrap\">\n\t\t\t\t\t\t\t<\/div>\n\t\t<\/div>\n\t\t\t\t\t<\/div>\n\t\t<\/header>\n\t\t\t\t<section class=\"elementor-section elementor-top-section elementor-element elementor-element-02e0567 elementor-section-full_width elementor-section-stretched elementor-section-height-default elementor-section-height-default\" data-id=\"02e0567\" data-element_type=\"section\" data-e-type=\"section\" data-settings=\"{&quot;stretch_section&quot;:&quot;section-stretched&quot;}\">\n\t\t\t\t\t\t<div class=\"elementor-container elementor-column-gap-no\">\n\t\t\t\t\t<div class=\"elementor-column elementor-col-33 elementor-top-column elementor-element elementor-element-e1e0473\" data-id=\"e1e0473\" data-element_type=\"column\" data-e-type=\"column\">\n\t\t\t<div class=\"elementor-widget-wrap elementor-element-populated\">\n\t\t\t\t\t\t<div class=\"elementor-element elementor-element-5c66624 elementor-nav-menu__align-end elementor-nav-menu--stretch elementor-nav-menu--dropdown-tablet elementor-nav-menu__text-align-aside elementor-nav-menu--toggle elementor-nav-menu--burger elementor-widget elementor-widget-nav-menu\" data-id=\"5c66624\" data-element_type=\"widget\" data-e-type=\"widget\" data-settings=\"{&quot;layout&quot;:&quot;vertical&quot;,&quot;full_width&quot;:&quot;stretch&quot;,&quot;submenu_icon&quot;:{&quot;value&quot;:&quot;&lt;i class=\\&quot;fas fa-caret-down\\&quot; aria-hidden=\\&quot;true\\&quot;&gt;&lt;\\\/i&gt;&quot;,&quot;library&quot;:&quot;fa-solid&quot;},&quot;toggle&quot;:&quot;burger&quot;}\" data-widget_type=\"nav-menu.default\">\n\t\t\t\t<div class=\"elementor-widget-container\">\n\t\t\t\t\t\t\t\t<nav aria-label=\"Menu\" class=\"elementor-nav-menu--main elementor-nav-menu__container elementor-nav-menu--layout-vertical e--pointer-none\">\n\t\t\t\t<ul id=\"menu-1-5c66624\" class=\"elementor-nav-menu sm-vertical\"><li class=\"menu-item menu-item-type-post_type menu-item-object-page menu-item-3989\"><a href=\"https:\/\/www.apload.pt\/en\/homepage\/landscape-architecture\/\" class=\"elementor-item\">LANDSCAPE ARCHITECTURE<\/a><\/li>\n<li class=\"menu-item menu-item-type-post_type menu-item-object-page menu-item-3990\"><a href=\"https:\/\/www.apload.pt\/en\/homepage\/landscape-architecture\/team-coordinator\/\" class=\"elementor-item\">TEAM COORDINATOR<\/a><\/li>\n<li class=\"menu-item menu-item-type-post_type menu-item-object-page menu-item-has-children menu-item-3991\"><a href=\"https:\/\/www.apload.pt\/en\/homepage\/landscape-architecture\/projects\/\" class=\"elementor-item\">SERVICES<\/a>\n<ul class=\"sub-menu elementor-nav-menu--dropdown\">\n\t<li class=\"menu-item menu-item-type-post_type menu-item-object-page menu-item-3992\"><a href=\"https:\/\/www.apload.pt\/en\/homepage\/landscape-architecture\/projects\/projects\/\" class=\"elementor-sub-item\">PROJECTS<\/a><\/li>\n\t<li class=\"menu-item menu-item-type-post_type menu-item-object-page menu-item-3993\"><a href=\"https:\/\/www.apload.pt\/en\/homepage\/landscape-architecture\/projects\/land-use-and-spatial-planning\/\" class=\"elementor-sub-item\">LAND USE AND SPATIAL PLANNING<\/a><\/li>\n\t<li class=\"menu-item menu-item-type-post_type menu-item-object-page menu-item-3994\"><a href=\"https:\/\/www.apload.pt\/en\/homepage\/landscape-architecture\/projects\/studies\/\" class=\"elementor-sub-item\">STUDIES<\/a><\/li>\n\t<li class=\"menu-item menu-item-type-post_type menu-item-object-page menu-item-3995\"><a href=\"https:\/\/www.apload.pt\/en\/homepage\/landscape-architecture\/projects\/building\/\" class=\"elementor-sub-item\">BUILDING<\/a><\/li>\n\t<li class=\"menu-item menu-item-type-post_type menu-item-object-page menu-item-3996\"><a href=\"https:\/\/www.apload.pt\/en\/homepage\/landscape-architecture\/projects\/site-supervision\/\" class=\"elementor-sub-item\">SITE SUPERVISION<\/a><\/li>\n<\/ul>\n<\/li>\n<li class=\"menu-item menu-item-type-post_type menu-item-object-page menu-item-has-children menu-item-3997\"><a href=\"https:\/\/www.apload.pt\/en\/homepage\/landscape-architecture\/portfolio\/\" class=\"elementor-item\">PORTFOLIO<\/a>\n<ul class=\"sub-menu elementor-nav-menu--dropdown\">\n\t<li class=\"menu-item menu-item-type-post_type menu-item-object-page menu-item-3998\"><a href=\"https:\/\/www.apload.pt\/en\/homepage\/landscape-architecture\/portfolio\/institutional\/\" class=\"elementor-sub-item\">INSTITUTIONAL<\/a><\/li>\n\t<li class=\"menu-item menu-item-type-post_type menu-item-object-page menu-item-3999\"><a href=\"https:\/\/www.apload.pt\/en\/homepage\/landscape-architecture\/portfolio\/urban-renewal\/\" class=\"elementor-sub-item\">URBAN RENEWAL<\/a><\/li>\n\t<li class=\"menu-item menu-item-type-post_type menu-item-object-page menu-item-4000\"><a href=\"https:\/\/www.apload.pt\/en\/homepage\/landscape-architecture\/portfolio\/competitions\/\" class=\"elementor-sub-item\">COMPETITIONS<\/a><\/li>\n\t<li class=\"menu-item menu-item-type-post_type menu-item-object-page menu-item-4001\"><a href=\"https:\/\/www.apload.pt\/en\/homepage\/landscape-architecture\/portfolio\/industrial-and-housing-developments\/\" class=\"elementor-sub-item\">INDUSTRIAL AND HOUSING DEVELOPMENTS<\/a><\/li>\n\t<li class=\"menu-item menu-item-type-post_type menu-item-object-page menu-item-4002\"><a href=\"https:\/\/www.apload.pt\/en\/homepage\/landscape-architecture\/portfolio\/private-gardens\/\" class=\"elementor-sub-item\">PRIVATE GARDENS<\/a><\/li>\n\t<li class=\"menu-item menu-item-type-post_type menu-item-object-page menu-item-4003\"><a href=\"https:\/\/www.apload.pt\/en\/homepage\/landscape-architecture\/portfolio\/spatial-planning-and-landscape\/\" class=\"elementor-sub-item\">SPATIAL PLANNING AND LANDSCAPE<\/a><\/li>\n<\/ul>\n<\/li>\n<li class=\"menu-item menu-item-type-post_type menu-item-object-page menu-item-4004\"><a href=\"https:\/\/www.apload.pt\/en\/homepage\/landscape-architecture\/clients-and-partners\/\" class=\"elementor-item\">CLIENTS AND PARTNERS<\/a><\/li>\n<li class=\"menu-item menu-item-type-post_type menu-item-object-page menu-item-4005\"><a href=\"https:\/\/www.apload.pt\/en\/homepage\/landscape-architecture\/contacts\/\" class=\"elementor-item\">CONTACTS<\/a><\/li>\n<\/ul>\t\t\t<\/nav>\n\t\t\t\t\t<div class=\"elementor-menu-toggle\" role=\"button\" tabindex=\"0\" aria-label=\"Menu Toggle\" aria-expanded=\"false\">\n\t\t\t<i aria-hidden=\"true\" role=\"presentation\" class=\"elementor-menu-toggle__icon--open eicon-menu-bar\"><\/i><i aria-hidden=\"true\" role=\"presentation\" class=\"elementor-menu-toggle__icon--close eicon-close\"><\/i>\t\t<\/div>\n\t\t\t\t\t<nav class=\"elementor-nav-menu--dropdown elementor-nav-menu__container\" aria-hidden=\"true\">\n\t\t\t\t<ul id=\"menu-2-5c66624\" class=\"elementor-nav-menu sm-vertical\"><li class=\"menu-item menu-item-type-post_type menu-item-object-page menu-item-3989\"><a href=\"https:\/\/www.apload.pt\/en\/homepage\/landscape-architecture\/\" class=\"elementor-item\" tabindex=\"-1\">LANDSCAPE ARCHITECTURE<\/a><\/li>\n<li class=\"menu-item menu-item-type-post_type menu-item-object-page menu-item-3990\"><a href=\"https:\/\/www.apload.pt\/en\/homepage\/landscape-architecture\/team-coordinator\/\" class=\"elementor-item\" tabindex=\"-1\">TEAM COORDINATOR<\/a><\/li>\n<li class=\"menu-item menu-item-type-post_type menu-item-object-page menu-item-has-children menu-item-3991\"><a href=\"https:\/\/www.apload.pt\/en\/homepage\/landscape-architecture\/projects\/\" class=\"elementor-item\" tabindex=\"-1\">SERVICES<\/a>\n<ul class=\"sub-menu elementor-nav-menu--dropdown\">\n\t<li class=\"menu-item menu-item-type-post_type menu-item-object-page menu-item-3992\"><a href=\"https:\/\/www.apload.pt\/en\/homepage\/landscape-architecture\/projects\/projects\/\" class=\"elementor-sub-item\" tabindex=\"-1\">PROJECTS<\/a><\/li>\n\t<li class=\"menu-item menu-item-type-post_type menu-item-object-page menu-item-3993\"><a href=\"https:\/\/www.apload.pt\/en\/homepage\/landscape-architecture\/projects\/land-use-and-spatial-planning\/\" class=\"elementor-sub-item\" tabindex=\"-1\">LAND USE AND SPATIAL PLANNING<\/a><\/li>\n\t<li class=\"menu-item menu-item-type-post_type menu-item-object-page menu-item-3994\"><a href=\"https:\/\/www.apload.pt\/en\/homepage\/landscape-architecture\/projects\/studies\/\" class=\"elementor-sub-item\" tabindex=\"-1\">STUDIES<\/a><\/li>\n\t<li class=\"menu-item menu-item-type-post_type menu-item-object-page menu-item-3995\"><a href=\"https:\/\/www.apload.pt\/en\/homepage\/landscape-architecture\/projects\/building\/\" class=\"elementor-sub-item\" tabindex=\"-1\">BUILDING<\/a><\/li>\n\t<li class=\"menu-item menu-item-type-post_type menu-item-object-page menu-item-3996\"><a href=\"https:\/\/www.apload.pt\/en\/homepage\/landscape-architecture\/projects\/site-supervision\/\" class=\"elementor-sub-item\" tabindex=\"-1\">SITE SUPERVISION<\/a><\/li>\n<\/ul>\n<\/li>\n<li class=\"menu-item menu-item-type-post_type menu-item-object-page menu-item-has-children menu-item-3997\"><a href=\"https:\/\/www.apload.pt\/en\/homepage\/landscape-architecture\/portfolio\/\" class=\"elementor-item\" tabindex=\"-1\">PORTFOLIO<\/a>\n<ul class=\"sub-menu elementor-nav-menu--dropdown\">\n\t<li class=\"menu-item menu-item-type-post_type menu-item-object-page menu-item-3998\"><a href=\"https:\/\/www.apload.pt\/en\/homepage\/landscape-architecture\/portfolio\/institutional\/\" class=\"elementor-sub-item\" tabindex=\"-1\">INSTITUTIONAL<\/a><\/li>\n\t<li class=\"menu-item menu-item-type-post_type menu-item-object-page menu-item-3999\"><a href=\"https:\/\/www.apload.pt\/en\/homepage\/landscape-architecture\/portfolio\/urban-renewal\/\" class=\"elementor-sub-item\" tabindex=\"-1\">URBAN RENEWAL<\/a><\/li>\n\t<li class=\"menu-item menu-item-type-post_type menu-item-object-page menu-item-4000\"><a href=\"https:\/\/www.apload.pt\/en\/homepage\/landscape-architecture\/portfolio\/competitions\/\" class=\"elementor-sub-item\" tabindex=\"-1\">COMPETITIONS<\/a><\/li>\n\t<li class=\"menu-item menu-item-type-post_type menu-item-object-page menu-item-4001\"><a href=\"https:\/\/www.apload.pt\/en\/homepage\/landscape-architecture\/portfolio\/industrial-and-housing-developments\/\" class=\"elementor-sub-item\" tabindex=\"-1\">INDUSTRIAL AND HOUSING DEVELOPMENTS<\/a><\/li>\n\t<li class=\"menu-item menu-item-type-post_type menu-item-object-page menu-item-4002\"><a href=\"https:\/\/www.apload.pt\/en\/homepage\/landscape-architecture\/portfolio\/private-gardens\/\" class=\"elementor-sub-item\" tabindex=\"-1\">PRIVATE GARDENS<\/a><\/li>\n\t<li class=\"menu-item menu-item-type-post_type menu-item-object-page menu-item-4003\"><a href=\"https:\/\/www.apload.pt\/en\/homepage\/landscape-architecture\/portfolio\/spatial-planning-and-landscape\/\" class=\"elementor-sub-item\" tabindex=\"-1\">SPATIAL PLANNING AND LANDSCAPE<\/a><\/li>\n<\/ul>\n<\/li>\n<li class=\"menu-item menu-item-type-post_type menu-item-object-page menu-item-4004\"><a href=\"https:\/\/www.apload.pt\/en\/homepage\/landscape-architecture\/clients-and-partners\/\" class=\"elementor-item\" tabindex=\"-1\">CLIENTS AND PARTNERS<\/a><\/li>\n<li class=\"menu-item menu-item-type-post_type menu-item-object-page menu-item-4005\"><a href=\"https:\/\/www.apload.pt\/en\/homepage\/landscape-architecture\/contacts\/\" class=\"elementor-item\" tabindex=\"-1\">CONTACTS<\/a><\/li>\n<\/ul>\t\t\t<\/nav>\n\t\t\t\t\t\t<\/div>\n\t\t\t\t<\/div>\n\t\t\t\t<div class=\"elementor-element elementor-element-d7bd455 elementor-shape-circle e-grid-align-right elementor-hidden-mobile elementor-grid-0 elementor-widget elementor-widget-social-icons\" data-id=\"d7bd455\" data-element_type=\"widget\" data-e-type=\"widget\" data-widget_type=\"social-icons.default\">\n\t\t\t\t<div class=\"elementor-widget-container\">\n\t\t\t\t\t\t\t<div class=\"elementor-social-icons-wrapper elementor-grid\" role=\"list\">\n\t\t\t\t\t\t\t<span class=\"elementor-grid-item\" role=\"listitem\">\n\t\t\t\t\t<a class=\"elementor-icon elementor-social-icon elementor-social-icon-facebook elementor-repeater-item-59b0abb\" target=\"_blank\">\n\t\t\t\t\t\t<span class=\"elementor-screen-only\">Facebook<\/span>\n\t\t\t\t\t\t<i aria-hidden=\"true\" class=\"fab fa-facebook\"><\/i>\t\t\t\t\t<\/a>\n\t\t\t\t<\/span>\n\t\t\t\t\t\t\t<span class=\"elementor-grid-item\" role=\"listitem\">\n\t\t\t\t\t<a class=\"elementor-icon elementor-social-icon elementor-social-icon-twitter elementor-repeater-item-a8698c4\" target=\"_blank\">\n\t\t\t\t\t\t<span class=\"elementor-screen-only\">Twitter<\/span>\n\t\t\t\t\t\t<i aria-hidden=\"true\" class=\"fab fa-twitter\"><\/i>\t\t\t\t\t<\/a>\n\t\t\t\t<\/span>\n\t\t\t\t\t\t\t<span class=\"elementor-grid-item\" role=\"listitem\">\n\t\t\t\t\t<a class=\"elementor-icon elementor-social-icon elementor-social-icon-youtube elementor-repeater-item-154e6bc\" target=\"_blank\">\n\t\t\t\t\t\t<span class=\"elementor-screen-only\">Youtube<\/span>\n\t\t\t\t\t\t<i aria-hidden=\"true\" class=\"fab fa-youtube\"><\/i>\t\t\t\t\t<\/a>\n\t\t\t\t<\/span>\n\t\t\t\t\t<\/div>\n\t\t\t\t\t\t<\/div>\n\t\t\t\t<\/div>\n\t\t\t\t<div class=\"elementor-element elementor-element-655ede6 elementor-hidden-mobile elementor-widget elementor-widget-text-editor\" data-id=\"655ede6\" data-element_type=\"widget\" data-e-type=\"widget\" data-widget_type=\"text-editor.default\">\n\t\t\t\t<div class=\"elementor-widget-container\">\n\t\t\t\t\t\t\t\t\t<p>RUA DR. AUGUSTO MARTINS,<br \/>N\u00ba 90, 2\u00ba ANDAR, SALA 4,<br \/>4470-145 MAIA<\/p>\n\t\t\t\t\t\t\t\t<\/div>\n\t\t\t\t<\/div>\n\t\t\t\t\t<\/div>\n\t\t<\/div>\n\t\t\t\t<div class=\"elementor-column elementor-col-33 elementor-top-column elementor-element elementor-element-95a010e\" data-id=\"95a010e\" data-element_type=\"column\" data-e-type=\"column\" data-settings=\"{&quot;background_background&quot;:&quot;classic&quot;}\">\n\t\t\t<div class=\"elementor-widget-wrap elementor-element-populated\">\n\t\t\t\t\t\t<div class=\"elementor-element elementor-element-bab1f8f elementor-pagination-position-inside elementor-arrows-position-inside elementor-widget elementor-widget-image-carousel\" data-id=\"bab1f8f\" data-element_type=\"widget\" data-e-type=\"widget\" data-settings=\"{&quot;slides_to_show&quot;:&quot;1&quot;,&quot;navigation&quot;:&quot;both&quot;,&quot;autoplay&quot;:&quot;yes&quot;,&quot;pause_on_hover&quot;:&quot;yes&quot;,&quot;pause_on_interaction&quot;:&quot;yes&quot;,&quot;autoplay_speed&quot;:5000,&quot;infinite&quot;:&quot;yes&quot;,&quot;effect&quot;:&quot;slide&quot;,&quot;speed&quot;:500}\" data-widget_type=\"image-carousel.default\">\n\t\t\t\t<div class=\"elementor-widget-container\">\n\t\t\t\t\t\t\t<div class=\"elementor-image-carousel-wrapper swiper\" role=\"region\" aria-roledescription=\"carousel\" aria-label=\"Image Carousel\" dir=\"ltr\">\n\t\t\t<div class=\"elementor-image-carousel swiper-wrapper swiper-image-stretch\" aria-live=\"off\">\n\t\t\t\t\t\t\t\t<div class=\"swiper-slide\" role=\"group\" aria-roledescription=\"slide\" aria-label=\"1 of 4\"><figure class=\"swiper-slide-inner\"><img decoding=\"async\" class=\"swiper-slide-image\" src=\"https:\/\/www.apload.pt\/wp-content\/uploads\/2022\/05\/pomarao-1.jpg\" alt=\"pomarao-1\" \/><\/figure><\/div><div class=\"swiper-slide\" role=\"group\" aria-roledescription=\"slide\" aria-label=\"2 of 4\"><figure class=\"swiper-slide-inner\"><img decoding=\"async\" class=\"swiper-slide-image\" src=\"https:\/\/www.apload.pt\/wp-content\/uploads\/2022\/05\/pomarao-2.jpg\" alt=\"pomarao-2\" \/><\/figure><\/div><div class=\"swiper-slide\" role=\"group\" aria-roledescription=\"slide\" aria-label=\"3 of 4\"><figure class=\"swiper-slide-inner\"><img decoding=\"async\" class=\"swiper-slide-image\" src=\"https:\/\/www.apload.pt\/wp-content\/uploads\/2022\/05\/pomarao-3.jpg\" alt=\"pomarao-3\" \/><\/figure><\/div><div class=\"swiper-slide\" role=\"group\" aria-roledescription=\"slide\" aria-label=\"4 of 4\"><figure class=\"swiper-slide-inner\"><img decoding=\"async\" class=\"swiper-slide-image\" src=\"https:\/\/www.apload.pt\/wp-content\/uploads\/2022\/05\/pomarao-4.jpg\" alt=\"pomarao-4\" \/><\/figure><\/div>\t\t\t<\/div>\n\t\t\t\t\t\t\t\t\t\t\t\t<div class=\"elementor-swiper-button elementor-swiper-button-prev\" role=\"button\" tabindex=\"0\">\n\t\t\t\t\t\t<i aria-hidden=\"true\" class=\"eicon-chevron-left\"><\/i>\t\t\t\t\t<\/div>\n\t\t\t\t\t<div class=\"elementor-swiper-button elementor-swiper-button-next\" role=\"button\" tabindex=\"0\">\n\t\t\t\t\t\t<i aria-hidden=\"true\" class=\"eicon-chevron-right\"><\/i>\t\t\t\t\t<\/div>\n\t\t\t\t\n\t\t\t\t\t\t\t\t\t<div class=\"swiper-pagination\"><\/div>\n\t\t\t\t\t\t\t\t\t<\/div>\n\t\t\t\t\t\t<\/div>\n\t\t\t\t<\/div>\n\t\t\t\t<div class=\"elementor-element elementor-element-6dc323d elementor-widget elementor-widget-heading\" data-id=\"6dc323d\" data-element_type=\"widget\" data-e-type=\"widget\" data-widget_type=\"heading.default\">\n\t\t\t\t<div class=\"elementor-widget-container\">\n\t\t\t\t\t<h1 class=\"elementor-heading-title elementor-size-default\">Requalification of the Pomar\u00e3o Riverfront<\/h1>\t\t\t\t<\/div>\n\t\t\t\t<\/div>\n\t\t\t\t<div class=\"elementor-element elementor-element-fb986e8 elementor-widget elementor-widget-text-editor\" data-id=\"fb986e8\" data-element_type=\"widget\" data-e-type=\"widget\" data-widget_type=\"text-editor.default\">\n\t\t\t\t<div class=\"elementor-widget-container\">\n\t\t\t\t\t\t\t\t\t<p>Construction Owner &gt; M\u00e9rtola City Council<br \/>Project completed in 2011<br \/>Pomar\u00e3o is a small town located in the border area of the municipality of M\u00e9rtola, with an identity strongly defined by its relationship with the Guadiana River.<br \/>The richness of its cultural and industrial heritage lives largely on the importance of its Port, once the main outlet for ore from the S. Domingos Mine.<br \/>The proposal aims to create new centers of outdoor social space, designed to enhance the relationship with the built space and the river, and simultaneously rescue the memories of this picturesque town for urban living.<br \/>Project created in co-authorship with the company X-SCAPES.\u00a0<\/p>\t\t\t\t\t\t\t\t<\/div>\n\t\t\t\t<\/div>\n\t\t\t\t\t<\/div>\n\t\t<\/div>\n\t\t\t\t<div class=\"elementor-column elementor-col-33 elementor-top-column elementor-element elementor-element-3a4fe20\" data-id=\"3a4fe20\" data-element_type=\"column\" data-e-type=\"column\">\n\t\t\t<div class=\"elementor-widget-wrap\">\n\t\t\t\t\t\t\t<\/div>\n\t\t<\/div>\n\t\t\t\t\t<\/div>\n\t\t<\/section>\n\t\t\t\t<\/div>\n\t\t","protected":false},"excerpt":{"rendered":"<p>Facebook Twitter Youtube RUA DR. AUGUSTO MARTINS,N\u00ba 90, 2\u00ba ANDAR, SALA 4,4470-145 MAIA Requalification of the Pomar\u00e3o Riverfront Construction Owner &gt; M\u00e9rtola City CouncilProject completed in 2011Pomar\u00e3o is a small town located in the border area of the municipality of M\u00e9rtola, with an identity strongly defined by its relationship with the Guadiana River.The richness of&hellip; <a class=\"more-link\" href=\"https:\/\/www.apload.pt\/en\/homepage\/landscape-architecture\/portfolio\/urban-renewal\/requalification-of-the-pomarao-riverfront\/\">Continue reading <span class=\"screen-reader-text\">Requalification of the Pomar\u00e3o Riverfront<\/span><\/a><\/p>\n","protected":false},"author":1,"featured_media":3338,"parent":3934,"menu_order":0,"comment_status":"closed","ping_status":"closed","template":"","meta":{"footnotes":""},"class_list":["post-3966","page","type-page","status-publish","has-post-thumbnail","hentry","entry"],"_links":{"self":[{"href":"https:\/\/www.apload.pt\/en\/wp-json\/wp\/v2\/pages\/3966","targetHints":{"allow":["GET"]}}],"collection":[{"href":"https:\/\/www.apload.pt\/en\/wp-json\/wp\/v2\/pages"}],"about":[{"href":"https:\/\/www.apload.pt\/en\/wp-json\/wp\/v2\/types\/page"}],"author":[{"embeddable":true,"href":"https:\/\/www.apload.pt\/en\/wp-json\/wp\/v2\/users\/1"}],"replies":[{"embeddable":true,"href":"https:\/\/www.apload.pt\/en\/wp-json\/wp\/v2\/comments?post=3966"}],"version-history":[{"count":8,"href":"https:\/\/www.apload.pt\/en\/wp-json\/wp\/v2\/pages\/3966\/revisions"}],"predecessor-version":[{"id":4528,"href":"https:\/\/www.apload.pt\/en\/wp-json\/wp\/v2\/pages\/3966\/revisions\/4528"}],"up":[{"embeddable":true,"href":"https:\/\/www.apload.pt\/en\/wp-json\/wp\/v2\/pages\/3934"}],"wp:featuredmedia":[{"embeddable":true,"href":"https:\/\/www.apload.pt\/en\/wp-json\/wp\/v2\/media\/3338"}],"wp:attachment":[{"href":"https:\/\/www.apload.pt\/en\/wp-json\/wp\/v2\/media?parent=3966"}],"curies":[{"name":"wp","href":"https:\/\/api.w.org\/{rel}","templated":true}]}}