{"id":3904,"date":"2023-11-07T22:45:51","date_gmt":"2023-11-07T22:45:51","guid":{"rendered":"https:\/\/www.apload.pt\/projeto-supportability\/"},"modified":"2024-06-17T11:49:42","modified_gmt":"2024-06-17T11:49:42","slug":"project-supportability","status":"publish","type":"page","link":"https:\/\/www.apload.pt\/en\/homepage\/evaluation-and-social-planning\/projects\/project-supportability\/","title":{"rendered":"Project SupportAbility"},"content":{"rendered":"\t\t<div data-elementor-type=\"wp-page\" data-elementor-id=\"3904\" class=\"elementor elementor-3904 elementor-3140\" data-elementor-post-type=\"page\">\n\t\t\t\t\t\t<header class=\"elementor-section elementor-top-section elementor-element elementor-element-4a2a6c2 elementor-section-full_width elementor-section-stretched elementor-section-height-default elementor-section-height-default\" data-id=\"4a2a6c2\" data-element_type=\"section\" data-e-type=\"section\" data-settings=\"{&quot;stretch_section&quot;:&quot;section-stretched&quot;}\">\n\t\t\t\t\t\t<div class=\"elementor-container elementor-column-gap-default\">\n\t\t\t\t\t<div class=\"elementor-column elementor-col-33 elementor-top-column elementor-element elementor-element-4730102\" data-id=\"4730102\" data-element_type=\"column\" data-e-type=\"column\">\n\t\t\t<div class=\"elementor-widget-wrap elementor-element-populated\">\n\t\t\t\t\t\t<div class=\"elementor-element elementor-element-b13dbd7 elementor-widget elementor-widget-image\" data-id=\"b13dbd7\" data-element_type=\"widget\" data-e-type=\"widget\" data-widget_type=\"image.default\">\n\t\t\t\t<div class=\"elementor-widget-container\">\n\t\t\t\t\t\t\t\t\t\t\t\t\t\t\t\t<a href=\"https:\/\/www.apload.pt\/en\/homepage\/evaluation-and-social-planning\/\">\n\t\t\t\t\t\t\t<img decoding=\"async\" width=\"229\" height=\"106\" src=\"https:\/\/www.apload.pt\/wp-content\/uploads\/2021\/09\/logo2.png\" class=\"attachment-large size-large wp-image-3257\" alt=\"\" style=\"width:100%;height:46.29%;max-width:229px\" \/>\t\t\t\t\t\t\t\t<\/a>\n\t\t\t\t\t\t\t\t\t\t\t\t\t\t\t<\/div>\n\t\t\t\t<\/div>\n\t\t\t\t\t<\/div>\n\t\t<\/div>\n\t\t\t\t<div class=\"elementor-column elementor-col-33 elementor-top-column elementor-element elementor-element-c666e26 elementor-hidden-mobile\" data-id=\"c666e26\" data-element_type=\"column\" data-e-type=\"column\">\n\t\t\t<div class=\"elementor-widget-wrap elementor-element-populated\">\n\t\t\t\t\t\t<div class=\"elementor-element elementor-element-7fff2a1 elementor-nav-menu__align-end elementor-nav-menu--stretch elementor-nav-menu--dropdown-tablet elementor-nav-menu__text-align-aside elementor-nav-menu--toggle elementor-nav-menu--burger elementor-widget elementor-widget-nav-menu\" data-id=\"7fff2a1\" data-element_type=\"widget\" data-e-type=\"widget\" data-settings=\"{&quot;full_width&quot;:&quot;stretch&quot;,&quot;layout&quot;:&quot;horizontal&quot;,&quot;submenu_icon&quot;:{&quot;value&quot;:&quot;&lt;i class=\\&quot;fas fa-caret-down\\&quot; aria-hidden=\\&quot;true\\&quot;&gt;&lt;\\\/i&gt;&quot;,&quot;library&quot;:&quot;fa-solid&quot;},&quot;toggle&quot;:&quot;burger&quot;}\" data-widget_type=\"nav-menu.default\">\n\t\t\t\t<div class=\"elementor-widget-container\">\n\t\t\t\t\t\t\t\t<nav aria-label=\"Menu\" class=\"elementor-nav-menu--main elementor-nav-menu__container elementor-nav-menu--layout-horizontal e--pointer-underline e--animation-fade\">\n\t\t\t\t<ul id=\"menu-1-7fff2a1\" class=\"elementor-nav-menu\"><li class=\"menu-item menu-item-type-post_type menu-item-object-page menu-item-4006\"><a href=\"https:\/\/www.apload.pt\/en\/homepage\/landscape-architecture\/\" class=\"elementor-item\">LANDSCAPE ARCHITECTURE<\/a><\/li>\n<li class=\"menu-item menu-item-type-post_type menu-item-object-page menu-item-4007\"><a href=\"https:\/\/www.apload.pt\/en\/homepage\/evaluation-and-social-planning\/\" class=\"elementor-item\">EVALUATION AND SOCIAL PLANNING<\/a><\/li>\n<li class=\"menu-item wpml-ls-slot-4 wpml-ls-item wpml-ls-item-pt-pt wpml-ls-menu-item wpml-ls-first-item wpml-ls-last-item menu-item-type-wpml_ls_menu_item menu-item-object-wpml_ls_menu_item menu-item-wpml-ls-4-pt-pt\"><a href=\"https:\/\/www.apload.pt\/\" title=\"Switch to Portuguese (Portugal)\" aria-label=\"Switch to Portuguese (Portugal)\" class=\"elementor-item\"><img decoding=\"async\"\n            class=\"wpml-ls-flag\"\n            src=\"https:\/\/www.apload.pt\/wp-content\/plugins\/sitepress-multilingual-cms\/res\/flags\/pt-pt.svg\"\n            alt=\"Portuguese (Portugal)\"\n            loading=\"lazy\"\n            \n            \n    \/><\/a><\/li>\n<\/ul>\t\t\t<\/nav>\n\t\t\t\t\t<div class=\"elementor-menu-toggle\" role=\"button\" tabindex=\"0\" aria-label=\"Menu Toggle\" aria-expanded=\"false\">\n\t\t\t<i aria-hidden=\"true\" role=\"presentation\" class=\"elementor-menu-toggle__icon--open eicon-menu-bar\"><\/i><i aria-hidden=\"true\" role=\"presentation\" class=\"elementor-menu-toggle__icon--close eicon-close\"><\/i>\t\t<\/div>\n\t\t\t\t\t<nav class=\"elementor-nav-menu--dropdown elementor-nav-menu__container\" aria-hidden=\"true\">\n\t\t\t\t<ul id=\"menu-2-7fff2a1\" class=\"elementor-nav-menu\"><li class=\"menu-item menu-item-type-post_type menu-item-object-page menu-item-4006\"><a href=\"https:\/\/www.apload.pt\/en\/homepage\/landscape-architecture\/\" class=\"elementor-item\" tabindex=\"-1\">LANDSCAPE ARCHITECTURE<\/a><\/li>\n<li class=\"menu-item menu-item-type-post_type menu-item-object-page menu-item-4007\"><a href=\"https:\/\/www.apload.pt\/en\/homepage\/evaluation-and-social-planning\/\" class=\"elementor-item\" tabindex=\"-1\">EVALUATION AND SOCIAL PLANNING<\/a><\/li>\n<li class=\"menu-item wpml-ls-slot-4 wpml-ls-item wpml-ls-item-pt-pt wpml-ls-menu-item wpml-ls-first-item wpml-ls-last-item menu-item-type-wpml_ls_menu_item menu-item-object-wpml_ls_menu_item menu-item-wpml-ls-4-pt-pt\"><a href=\"https:\/\/www.apload.pt\/\" title=\"Switch to Portuguese (Portugal)\" aria-label=\"Switch to Portuguese (Portugal)\" class=\"elementor-item\" tabindex=\"-1\"><img decoding=\"async\"\n            class=\"wpml-ls-flag\"\n            src=\"https:\/\/www.apload.pt\/wp-content\/plugins\/sitepress-multilingual-cms\/res\/flags\/pt-pt.svg\"\n            alt=\"Portuguese (Portugal)\"\n            loading=\"lazy\"\n            \n            \n    \/><\/a><\/li>\n<\/ul>\t\t\t<\/nav>\n\t\t\t\t\t\t<\/div>\n\t\t\t\t<\/div>\n\t\t\t\t\t<\/div>\n\t\t<\/div>\n\t\t\t\t<div class=\"elementor-column elementor-col-33 elementor-top-column elementor-element elementor-element-59c223c\" data-id=\"59c223c\" data-element_type=\"column\" data-e-type=\"column\">\n\t\t\t<div class=\"elementor-widget-wrap\">\n\t\t\t\t\t\t\t<\/div>\n\t\t<\/div>\n\t\t\t\t\t<\/div>\n\t\t<\/header>\n\t\t\t\t<section class=\"elementor-section elementor-top-section elementor-element elementor-element-02e0567 elementor-section-full_width elementor-section-stretched elementor-section-height-default elementor-section-height-default\" data-id=\"02e0567\" data-element_type=\"section\" data-e-type=\"section\" data-settings=\"{&quot;stretch_section&quot;:&quot;section-stretched&quot;}\">\n\t\t\t\t\t\t<div class=\"elementor-container elementor-column-gap-no\">\n\t\t\t\t\t<div class=\"elementor-column elementor-col-33 elementor-top-column elementor-element elementor-element-e1e0473\" data-id=\"e1e0473\" data-element_type=\"column\" data-e-type=\"column\">\n\t\t\t<div class=\"elementor-widget-wrap elementor-element-populated\">\n\t\t\t\t\t\t<div class=\"elementor-element elementor-element-c0ab6fd elementor-nav-menu__align-end elementor-nav-menu--stretch elementor-nav-menu--dropdown-tablet elementor-nav-menu__text-align-aside elementor-nav-menu--toggle elementor-nav-menu--burger elementor-widget elementor-widget-nav-menu\" data-id=\"c0ab6fd\" data-element_type=\"widget\" data-e-type=\"widget\" data-settings=\"{&quot;layout&quot;:&quot;vertical&quot;,&quot;full_width&quot;:&quot;stretch&quot;,&quot;submenu_icon&quot;:{&quot;value&quot;:&quot;&lt;i class=\\&quot;fas fa-caret-down\\&quot; aria-hidden=\\&quot;true\\&quot;&gt;&lt;\\\/i&gt;&quot;,&quot;library&quot;:&quot;fa-solid&quot;},&quot;toggle&quot;:&quot;burger&quot;}\" data-widget_type=\"nav-menu.default\">\n\t\t\t\t<div class=\"elementor-widget-container\">\n\t\t\t\t\t\t\t\t<nav aria-label=\"Menu\" class=\"elementor-nav-menu--main elementor-nav-menu__container elementor-nav-menu--layout-vertical e--pointer-none\">\n\t\t\t\t<ul id=\"menu-1-c0ab6fd\" class=\"elementor-nav-menu sm-vertical\"><li class=\"menu-item menu-item-type-post_type menu-item-object-page menu-item-4008\"><a href=\"https:\/\/www.apload.pt\/en\/homepage\/evaluation-and-social-planning\/\" class=\"elementor-item\">Evaluation and Social Planning<\/a><\/li>\n<li class=\"menu-item menu-item-type-post_type menu-item-object-page menu-item-4009\"><a href=\"https:\/\/www.apload.pt\/en\/homepage\/evaluation-and-social-planning\/team-coordination\/\" class=\"elementor-item\">TEAM COORDINATOR<\/a><\/li>\n<li class=\"menu-item menu-item-type-post_type menu-item-object-page menu-item-4010\"><a href=\"https:\/\/www.apload.pt\/en\/homepage\/evaluation-and-social-planning\/project-evaluation\/\" class=\"elementor-item\">PROJECT EVALUATION<\/a><\/li>\n<li class=\"menu-item menu-item-type-post_type menu-item-object-page menu-item-4011\"><a href=\"https:\/\/www.apload.pt\/en\/homepage\/evaluation-and-social-planning\/project-design-and-innovation\/\" class=\"elementor-item\">PROJECT DESIGN AND INNOVATION<\/a><\/li>\n<li class=\"menu-item menu-item-type-post_type menu-item-object-page menu-item-4012\"><a href=\"https:\/\/www.apload.pt\/en\/homepage\/evaluation-and-social-planning\/education-and-training\/\" class=\"elementor-item\">EDUCATION AND TRAINING<\/a><\/li>\n<li class=\"menu-item menu-item-type-post_type menu-item-object-page menu-item-4013\"><a href=\"https:\/\/www.apload.pt\/en\/homepage\/evaluation-and-social-planning\/projects\/\" class=\"elementor-item\">PROJECTS<\/a><\/li>\n<li class=\"menu-item menu-item-type-post_type menu-item-object-page menu-item-4014\"><a href=\"https:\/\/www.apload.pt\/en\/homepage\/evaluation-and-social-planning\/clients-and-partners\/\" class=\"elementor-item\">CLIENTS AND PARTNERS<\/a><\/li>\n<li class=\"menu-item menu-item-type-post_type menu-item-object-page menu-item-4015\"><a href=\"https:\/\/www.apload.pt\/en\/homepage\/evaluation-and-social-planning\/contacts\/\" class=\"elementor-item\">Contacts<\/a><\/li>\n<\/ul>\t\t\t<\/nav>\n\t\t\t\t\t<div class=\"elementor-menu-toggle\" role=\"button\" tabindex=\"0\" aria-label=\"Menu Toggle\" aria-expanded=\"false\">\n\t\t\t<i aria-hidden=\"true\" role=\"presentation\" class=\"elementor-menu-toggle__icon--open eicon-menu-bar\"><\/i><i aria-hidden=\"true\" role=\"presentation\" class=\"elementor-menu-toggle__icon--close eicon-close\"><\/i>\t\t<\/div>\n\t\t\t\t\t<nav class=\"elementor-nav-menu--dropdown elementor-nav-menu__container\" aria-hidden=\"true\">\n\t\t\t\t<ul id=\"menu-2-c0ab6fd\" class=\"elementor-nav-menu sm-vertical\"><li class=\"menu-item menu-item-type-post_type menu-item-object-page menu-item-4008\"><a href=\"https:\/\/www.apload.pt\/en\/homepage\/evaluation-and-social-planning\/\" class=\"elementor-item\" tabindex=\"-1\">Evaluation and Social Planning<\/a><\/li>\n<li class=\"menu-item menu-item-type-post_type menu-item-object-page menu-item-4009\"><a href=\"https:\/\/www.apload.pt\/en\/homepage\/evaluation-and-social-planning\/team-coordination\/\" class=\"elementor-item\" tabindex=\"-1\">TEAM COORDINATOR<\/a><\/li>\n<li class=\"menu-item menu-item-type-post_type menu-item-object-page menu-item-4010\"><a href=\"https:\/\/www.apload.pt\/en\/homepage\/evaluation-and-social-planning\/project-evaluation\/\" class=\"elementor-item\" tabindex=\"-1\">PROJECT EVALUATION<\/a><\/li>\n<li class=\"menu-item menu-item-type-post_type menu-item-object-page menu-item-4011\"><a href=\"https:\/\/www.apload.pt\/en\/homepage\/evaluation-and-social-planning\/project-design-and-innovation\/\" class=\"elementor-item\" tabindex=\"-1\">PROJECT DESIGN AND INNOVATION<\/a><\/li>\n<li class=\"menu-item menu-item-type-post_type menu-item-object-page menu-item-4012\"><a href=\"https:\/\/www.apload.pt\/en\/homepage\/evaluation-and-social-planning\/education-and-training\/\" class=\"elementor-item\" tabindex=\"-1\">EDUCATION AND TRAINING<\/a><\/li>\n<li class=\"menu-item menu-item-type-post_type menu-item-object-page menu-item-4013\"><a href=\"https:\/\/www.apload.pt\/en\/homepage\/evaluation-and-social-planning\/projects\/\" class=\"elementor-item\" tabindex=\"-1\">PROJECTS<\/a><\/li>\n<li class=\"menu-item menu-item-type-post_type menu-item-object-page menu-item-4014\"><a href=\"https:\/\/www.apload.pt\/en\/homepage\/evaluation-and-social-planning\/clients-and-partners\/\" class=\"elementor-item\" tabindex=\"-1\">CLIENTS AND PARTNERS<\/a><\/li>\n<li class=\"menu-item menu-item-type-post_type menu-item-object-page menu-item-4015\"><a href=\"https:\/\/www.apload.pt\/en\/homepage\/evaluation-and-social-planning\/contacts\/\" class=\"elementor-item\" tabindex=\"-1\">Contacts<\/a><\/li>\n<\/ul>\t\t\t<\/nav>\n\t\t\t\t\t\t<\/div>\n\t\t\t\t<\/div>\n\t\t\t\t<div class=\"elementor-element elementor-element-d7bd455 elementor-shape-circle e-grid-align-right elementor-hidden-mobile elementor-grid-0 elementor-widget elementor-widget-social-icons\" data-id=\"d7bd455\" data-element_type=\"widget\" data-e-type=\"widget\" data-widget_type=\"social-icons.default\">\n\t\t\t\t<div class=\"elementor-widget-container\">\n\t\t\t\t\t\t\t<div class=\"elementor-social-icons-wrapper elementor-grid\" role=\"list\">\n\t\t\t\t\t\t\t<span class=\"elementor-grid-item\" role=\"listitem\">\n\t\t\t\t\t<a class=\"elementor-icon elementor-social-icon elementor-social-icon-facebook elementor-repeater-item-59b0abb\" target=\"_blank\">\n\t\t\t\t\t\t<span class=\"elementor-screen-only\">Facebook<\/span>\n\t\t\t\t\t\t<i aria-hidden=\"true\" class=\"fab fa-facebook\"><\/i>\t\t\t\t\t<\/a>\n\t\t\t\t<\/span>\n\t\t\t\t\t\t\t<span class=\"elementor-grid-item\" role=\"listitem\">\n\t\t\t\t\t<a class=\"elementor-icon elementor-social-icon elementor-social-icon-twitter elementor-repeater-item-a8698c4\" target=\"_blank\">\n\t\t\t\t\t\t<span class=\"elementor-screen-only\">Twitter<\/span>\n\t\t\t\t\t\t<i aria-hidden=\"true\" class=\"fab fa-twitter\"><\/i>\t\t\t\t\t<\/a>\n\t\t\t\t<\/span>\n\t\t\t\t\t\t\t<span class=\"elementor-grid-item\" role=\"listitem\">\n\t\t\t\t\t<a class=\"elementor-icon elementor-social-icon elementor-social-icon-youtube elementor-repeater-item-154e6bc\" target=\"_blank\">\n\t\t\t\t\t\t<span class=\"elementor-screen-only\">Youtube<\/span>\n\t\t\t\t\t\t<i aria-hidden=\"true\" class=\"fab fa-youtube\"><\/i>\t\t\t\t\t<\/a>\n\t\t\t\t<\/span>\n\t\t\t\t\t<\/div>\n\t\t\t\t\t\t<\/div>\n\t\t\t\t<\/div>\n\t\t\t\t<div class=\"elementor-element elementor-element-655ede6 elementor-hidden-mobile elementor-widget elementor-widget-text-editor\" data-id=\"655ede6\" data-element_type=\"widget\" data-e-type=\"widget\" data-widget_type=\"text-editor.default\">\n\t\t\t\t<div class=\"elementor-widget-container\">\n\t\t\t\t\t\t\t\t\t<p>RUA DR. AUGUSTO MARTINS,<br \/>N\u00ba 90, 2\u00ba ANDAR, SALA 4,<br \/>4470-145 MAIA<\/p>\n\t\t\t\t\t\t\t\t<\/div>\n\t\t\t\t<\/div>\n\t\t\t\t\t<\/div>\n\t\t<\/div>\n\t\t\t\t<div class=\"elementor-column elementor-col-33 elementor-top-column elementor-element elementor-element-95a010e\" data-id=\"95a010e\" data-element_type=\"column\" data-e-type=\"column\" data-settings=\"{&quot;background_background&quot;:&quot;classic&quot;}\">\n\t\t\t<div class=\"elementor-widget-wrap elementor-element-populated\">\n\t\t\t\t\t\t<div class=\"elementor-element elementor-element-8e46de3 elementor-pagination-position-inside elementor-arrows-position-inside elementor-widget elementor-widget-image-carousel\" data-id=\"8e46de3\" data-element_type=\"widget\" data-e-type=\"widget\" data-settings=\"{&quot;slides_to_show&quot;:&quot;1&quot;,&quot;navigation&quot;:&quot;both&quot;,&quot;autoplay&quot;:&quot;yes&quot;,&quot;pause_on_hover&quot;:&quot;yes&quot;,&quot;pause_on_interaction&quot;:&quot;yes&quot;,&quot;autoplay_speed&quot;:5000,&quot;infinite&quot;:&quot;yes&quot;,&quot;effect&quot;:&quot;slide&quot;,&quot;speed&quot;:500}\" data-widget_type=\"image-carousel.default\">\n\t\t\t\t<div class=\"elementor-widget-container\">\n\t\t\t\t\t\t\t<div class=\"elementor-image-carousel-wrapper swiper\" role=\"region\" aria-roledescription=\"carousel\" aria-label=\"Image Carousel\" dir=\"ltr\">\n\t\t\t<div class=\"elementor-image-carousel swiper-wrapper swiper-image-stretch\" aria-live=\"off\">\n\t\t\t\t\t\t\t\t<div class=\"swiper-slide\" role=\"group\" aria-roledescription=\"slide\" aria-label=\"1 of 1\"><figure class=\"swiper-slide-inner\"><img decoding=\"async\" class=\"swiper-slide-image\" src=\"https:\/\/www.apload.pt\/wp-content\/uploads\/2023\/11\/support-ability.png\" alt=\"support-ability\" \/><\/figure><\/div>\t\t\t<\/div>\n\t\t\t\t\t<\/div>\n\t\t\t\t\t\t<\/div>\n\t\t\t\t<\/div>\n\t\t\t\t<div class=\"elementor-element elementor-element-6dc323d elementor-widget elementor-widget-heading\" data-id=\"6dc323d\" data-element_type=\"widget\" data-e-type=\"widget\" data-widget_type=\"heading.default\">\n\t\t\t\t<div class=\"elementor-widget-container\">\n\t\t\t\t\t<h1 class=\"elementor-heading-title elementor-size-default\">Projeto SupportAbility<\/h1>\t\t\t\t<\/div>\n\t\t\t\t<\/div>\n\t\t\t\t<div class=\"elementor-element elementor-element-fb986e8 elementor-widget elementor-widget-text-editor\" data-id=\"fb986e8\" data-element_type=\"widget\" data-e-type=\"widget\" data-widget_type=\"text-editor.default\">\n\t\t\t\t<div class=\"elementor-widget-container\">\n\t\t\t\t\t\t\t\t\t<p>Desenvolvimento do projeto &#8216;<strong>SupportAbility &#8211; Supporting European SMEs in the Employment of People Living with Disability or with a History of Mental Illness: a Pilot Development in the Furniture Manufacturing Industries<\/strong>&#8221; (2016-2019). O projeto &#8220;SupportAbility&#8221; \u00e9 co-financiado pelo Programa Europeu\u00a0<strong>Erasmus+<\/strong>\u00a0ao abrigo da A\u00e7\u00e3o-Chave 2, Parcerias Estrat\u00e9gicas para a Coopera\u00e7\u00e3o e Inova\u00e7\u00e3o. \u00c9 coordenado pela BFM &#8211; British Furniture Manufacturers Limited, uma associa\u00e7\u00e3o comercial que representa os interesses das ind\u00fastrias do madeira e do mobili\u00e1rio, no Reino Unido, h\u00e1 mais de 65 anos. Integram a parceria as institui\u00e7\u00f5es Searchligther, do Reino Unido, Sinopspastik \u00c7ocuklar Dernegi, da Turquia, a Asociaci\u00f3n Empresarial de Investigaci\u00f3n Centro Tecnologico del Mueble y la Madera de la Regiuon de Murcia, de Espanha, a Asociaci\u00f3n de Profesores de Formaci\u00f3n Profesional en Madera y Mueble, de Espanha, e a APLOAD &#8211; Avalia\u00e7\u00e3o e Planeamento Social, de Portugal. O projeto incide sobre o estudo e apoio \u00e0 manuten\u00e7\u00e3o de emprego de pessoas com defici\u00eancia em PMEs com particular enfoque nas empresas do setor da madeira e mobili\u00e1rio. Desenvolve 5 produtos fundamentais: um relat\u00f3rio sobre o estado-das-artes da empregabilidade de pessoas com defici\u00eancia nos pa\u00edses envolvidos, um reposit\u00f3rio de documentos de interesse sobre as tem\u00e1ticas em estudo, uma base de dados e guia online para acesso ao reposit\u00f3rio, um\u00a0<em>curriculum<\/em>\u00a0formativo para forma\u00e7\u00e3o de mentores de apoio \u00e0 inser\u00e7\u00e3o de pessoas com defici\u00eancia no mercado de trabalho e, finalmente, um curso de e-Learning com recurso aquele\u00a0<em>curriculum<\/em>. A responsabilidade e participa\u00e7\u00e3o da APLOAD no projeto \u00e9 transversal a todas estas dimens\u00f5es, estando respons\u00e1vel pela coordena\u00e7\u00e3o do \u00faltimo produto, o curso de e-Learning. Para saber mais sobre este projeto, queira por favor enviar-nos as suas quest\u00f5es para o email\u00a0apload@apload.pt\u00a0e\/ou consultar a p\u00e1gina do projeto:\u00a0<u><a href=\"http:\/\/www.supportability.eu\/\" target=\"_blank\" rel=\"noopener\">www.supportability.eu\/<\/a><\/u><\/p>\n\t\t\t\t\t\t\t\t<\/div>\n\t\t\t\t<\/div>\n\t\t\t\t\t<\/div>\n\t\t<\/div>\n\t\t\t\t<div class=\"elementor-column elementor-col-33 elementor-top-column elementor-element elementor-element-3a4fe20\" data-id=\"3a4fe20\" data-element_type=\"column\" data-e-type=\"column\">\n\t\t\t<div class=\"elementor-widget-wrap\">\n\t\t\t\t\t\t\t<\/div>\n\t\t<\/div>\n\t\t\t\t\t<\/div>\n\t\t<\/section>\n\t\t\t\t<\/div>\n\t\t","protected":false},"excerpt":{"rendered":"<p>Facebook Twitter Youtube RUA DR. AUGUSTO MARTINS,N\u00ba 90, 2\u00ba ANDAR, SALA 4,4470-145 MAIA Projeto SupportAbility Desenvolvimento do projeto &#8216;SupportAbility &#8211; Supporting European SMEs in the Employment of People Living with Disability or with a History of Mental Illness: a Pilot Development in the Furniture Manufacturing Industries&#8221; (2016-2019). O projeto &#8220;SupportAbility&#8221; \u00e9 co-financiado pelo Programa Europeu\u00a0Erasmus+\u00a0ao&hellip; <a class=\"more-link\" href=\"https:\/\/www.apload.pt\/en\/homepage\/evaluation-and-social-planning\/projects\/project-supportability\/\">Continue reading <span class=\"screen-reader-text\">Project SupportAbility<\/span><\/a><\/p>\n","protected":false},"author":1,"featured_media":3747,"parent":3928,"menu_order":0,"comment_status":"closed","ping_status":"closed","template":"","meta":{"footnotes":""},"class_list":["post-3904","page","type-page","status-publish","has-post-thumbnail","hentry","entry"],"_links":{"self":[{"href":"https:\/\/www.apload.pt\/en\/wp-json\/wp\/v2\/pages\/3904","targetHints":{"allow":["GET"]}}],"collection":[{"href":"https:\/\/www.apload.pt\/en\/wp-json\/wp\/v2\/pages"}],"about":[{"href":"https:\/\/www.apload.pt\/en\/wp-json\/wp\/v2\/types\/page"}],"author":[{"embeddable":true,"href":"https:\/\/www.apload.pt\/en\/wp-json\/wp\/v2\/users\/1"}],"replies":[{"embeddable":true,"href":"https:\/\/www.apload.pt\/en\/wp-json\/wp\/v2\/comments?post=3904"}],"version-history":[{"count":6,"href":"https:\/\/www.apload.pt\/en\/wp-json\/wp\/v2\/pages\/3904\/revisions"}],"predecessor-version":[{"id":4680,"href":"https:\/\/www.apload.pt\/en\/wp-json\/wp\/v2\/pages\/3904\/revisions\/4680"}],"up":[{"embeddable":true,"href":"https:\/\/www.apload.pt\/en\/wp-json\/wp\/v2\/pages\/3928"}],"wp:featuredmedia":[{"embeddable":true,"href":"https:\/\/www.apload.pt\/en\/wp-json\/wp\/v2\/media\/3747"}],"wp:attachment":[{"href":"https:\/\/www.apload.pt\/en\/wp-json\/wp\/v2\/media?parent=3904"}],"curies":[{"name":"wp","href":"https:\/\/api.w.org\/{rel}","templated":true}]}}