{"id":3850,"date":"2023-11-07T22:43:55","date_gmt":"2023-11-07T22:43:55","guid":{"rendered":"https:\/\/www.apload.pt\/projeto-under-construction\/"},"modified":"2024-06-17T11:49:42","modified_gmt":"2024-06-17T11:49:42","slug":"project-under-construction","status":"publish","type":"page","link":"https:\/\/www.apload.pt\/en\/homepage\/evaluation-and-social-planning\/projects\/project-under-construction\/","title":{"rendered":"Project Under Construction"},"content":{"rendered":"\t\t<div data-elementor-type=\"wp-page\" data-elementor-id=\"3850\" class=\"elementor elementor-3850 elementor-3136\" data-elementor-post-type=\"page\">\n\t\t\t\t\t\t<header class=\"elementor-section elementor-top-section elementor-element elementor-element-4a2a6c2 elementor-section-full_width elementor-section-stretched elementor-section-height-default elementor-section-height-default\" data-id=\"4a2a6c2\" data-element_type=\"section\" data-e-type=\"section\" data-settings=\"{&quot;stretch_section&quot;:&quot;section-stretched&quot;}\">\n\t\t\t\t\t\t<div class=\"elementor-container elementor-column-gap-default\">\n\t\t\t\t\t<div class=\"elementor-column elementor-col-33 elementor-top-column elementor-element elementor-element-4730102\" data-id=\"4730102\" data-element_type=\"column\" data-e-type=\"column\">\n\t\t\t<div class=\"elementor-widget-wrap elementor-element-populated\">\n\t\t\t\t\t\t<div class=\"elementor-element elementor-element-b13dbd7 elementor-widget elementor-widget-image\" data-id=\"b13dbd7\" data-element_type=\"widget\" data-e-type=\"widget\" data-widget_type=\"image.default\">\n\t\t\t\t<div class=\"elementor-widget-container\">\n\t\t\t\t\t\t\t\t\t\t\t\t\t\t\t\t<a href=\"https:\/\/www.apload.pt\/en\/homepage\/evaluation-and-social-planning\/\">\n\t\t\t\t\t\t\t<img decoding=\"async\" width=\"229\" height=\"106\" src=\"https:\/\/www.apload.pt\/wp-content\/uploads\/2021\/09\/logo2.png\" class=\"attachment-large size-large wp-image-3257\" alt=\"\" style=\"width:100%;height:46.29%;max-width:229px\" \/>\t\t\t\t\t\t\t\t<\/a>\n\t\t\t\t\t\t\t\t\t\t\t\t\t\t\t<\/div>\n\t\t\t\t<\/div>\n\t\t\t\t\t<\/div>\n\t\t<\/div>\n\t\t\t\t<div class=\"elementor-column elementor-col-33 elementor-top-column elementor-element elementor-element-c666e26 elementor-hidden-mobile\" data-id=\"c666e26\" data-element_type=\"column\" data-e-type=\"column\">\n\t\t\t<div class=\"elementor-widget-wrap elementor-element-populated\">\n\t\t\t\t\t\t<div class=\"elementor-element elementor-element-7fff2a1 elementor-nav-menu__align-end elementor-nav-menu--stretch elementor-nav-menu--dropdown-tablet elementor-nav-menu__text-align-aside elementor-nav-menu--toggle elementor-nav-menu--burger elementor-widget elementor-widget-nav-menu\" data-id=\"7fff2a1\" data-element_type=\"widget\" data-e-type=\"widget\" data-settings=\"{&quot;full_width&quot;:&quot;stretch&quot;,&quot;layout&quot;:&quot;horizontal&quot;,&quot;submenu_icon&quot;:{&quot;value&quot;:&quot;&lt;i class=\\&quot;fas fa-caret-down\\&quot; aria-hidden=\\&quot;true\\&quot;&gt;&lt;\\\/i&gt;&quot;,&quot;library&quot;:&quot;fa-solid&quot;},&quot;toggle&quot;:&quot;burger&quot;}\" data-widget_type=\"nav-menu.default\">\n\t\t\t\t<div class=\"elementor-widget-container\">\n\t\t\t\t\t\t\t\t<nav aria-label=\"Menu\" class=\"elementor-nav-menu--main elementor-nav-menu__container elementor-nav-menu--layout-horizontal e--pointer-underline e--animation-fade\">\n\t\t\t\t<ul id=\"menu-1-7fff2a1\" class=\"elementor-nav-menu\"><li class=\"menu-item menu-item-type-post_type menu-item-object-page menu-item-4006\"><a href=\"https:\/\/www.apload.pt\/en\/homepage\/landscape-architecture\/\" class=\"elementor-item\">LANDSCAPE ARCHITECTURE<\/a><\/li>\n<li class=\"menu-item menu-item-type-post_type menu-item-object-page menu-item-4007\"><a href=\"https:\/\/www.apload.pt\/en\/homepage\/evaluation-and-social-planning\/\" class=\"elementor-item\">EVALUATION AND SOCIAL PLANNING<\/a><\/li>\n<li class=\"menu-item wpml-ls-slot-4 wpml-ls-item wpml-ls-item-pt-pt wpml-ls-menu-item wpml-ls-first-item wpml-ls-last-item menu-item-type-wpml_ls_menu_item menu-item-object-wpml_ls_menu_item menu-item-wpml-ls-4-pt-pt\"><a href=\"https:\/\/www.apload.pt\/\" title=\"Switch to Portuguese (Portugal)\" aria-label=\"Switch to Portuguese (Portugal)\" class=\"elementor-item\"><img decoding=\"async\"\n            class=\"wpml-ls-flag\"\n            src=\"https:\/\/www.apload.pt\/wp-content\/plugins\/sitepress-multilingual-cms\/res\/flags\/pt-pt.svg\"\n            alt=\"Portuguese (Portugal)\"\n            loading=\"lazy\"\n            \n            \n    \/><\/a><\/li>\n<\/ul>\t\t\t<\/nav>\n\t\t\t\t\t<div class=\"elementor-menu-toggle\" role=\"button\" tabindex=\"0\" aria-label=\"Menu Toggle\" aria-expanded=\"false\">\n\t\t\t<i aria-hidden=\"true\" role=\"presentation\" class=\"elementor-menu-toggle__icon--open eicon-menu-bar\"><\/i><i aria-hidden=\"true\" role=\"presentation\" class=\"elementor-menu-toggle__icon--close eicon-close\"><\/i>\t\t<\/div>\n\t\t\t\t\t<nav class=\"elementor-nav-menu--dropdown elementor-nav-menu__container\" aria-hidden=\"true\">\n\t\t\t\t<ul id=\"menu-2-7fff2a1\" class=\"elementor-nav-menu\"><li class=\"menu-item menu-item-type-post_type menu-item-object-page menu-item-4006\"><a href=\"https:\/\/www.apload.pt\/en\/homepage\/landscape-architecture\/\" class=\"elementor-item\" tabindex=\"-1\">LANDSCAPE ARCHITECTURE<\/a><\/li>\n<li class=\"menu-item menu-item-type-post_type menu-item-object-page menu-item-4007\"><a href=\"https:\/\/www.apload.pt\/en\/homepage\/evaluation-and-social-planning\/\" class=\"elementor-item\" tabindex=\"-1\">EVALUATION AND SOCIAL PLANNING<\/a><\/li>\n<li class=\"menu-item wpml-ls-slot-4 wpml-ls-item wpml-ls-item-pt-pt wpml-ls-menu-item wpml-ls-first-item wpml-ls-last-item menu-item-type-wpml_ls_menu_item menu-item-object-wpml_ls_menu_item menu-item-wpml-ls-4-pt-pt\"><a href=\"https:\/\/www.apload.pt\/\" title=\"Switch to Portuguese (Portugal)\" aria-label=\"Switch to Portuguese (Portugal)\" class=\"elementor-item\" tabindex=\"-1\"><img decoding=\"async\"\n            class=\"wpml-ls-flag\"\n            src=\"https:\/\/www.apload.pt\/wp-content\/plugins\/sitepress-multilingual-cms\/res\/flags\/pt-pt.svg\"\n            alt=\"Portuguese (Portugal)\"\n            loading=\"lazy\"\n            \n            \n    \/><\/a><\/li>\n<\/ul>\t\t\t<\/nav>\n\t\t\t\t\t\t<\/div>\n\t\t\t\t<\/div>\n\t\t\t\t\t<\/div>\n\t\t<\/div>\n\t\t\t\t<div class=\"elementor-column elementor-col-33 elementor-top-column elementor-element elementor-element-59c223c\" data-id=\"59c223c\" data-element_type=\"column\" data-e-type=\"column\">\n\t\t\t<div class=\"elementor-widget-wrap\">\n\t\t\t\t\t\t\t<\/div>\n\t\t<\/div>\n\t\t\t\t\t<\/div>\n\t\t<\/header>\n\t\t\t\t<section class=\"elementor-section elementor-top-section elementor-element elementor-element-02e0567 elementor-section-full_width elementor-section-stretched elementor-section-height-default elementor-section-height-default\" data-id=\"02e0567\" data-element_type=\"section\" data-e-type=\"section\" data-settings=\"{&quot;stretch_section&quot;:&quot;section-stretched&quot;}\">\n\t\t\t\t\t\t<div class=\"elementor-container elementor-column-gap-no\">\n\t\t\t\t\t<div class=\"elementor-column elementor-col-33 elementor-top-column elementor-element elementor-element-e1e0473\" data-id=\"e1e0473\" data-element_type=\"column\" data-e-type=\"column\">\n\t\t\t<div class=\"elementor-widget-wrap elementor-element-populated\">\n\t\t\t\t\t\t<div class=\"elementor-element elementor-element-c0ab6fd elementor-nav-menu__align-end elementor-nav-menu--stretch elementor-nav-menu--dropdown-tablet elementor-nav-menu__text-align-aside elementor-nav-menu--toggle elementor-nav-menu--burger elementor-widget elementor-widget-nav-menu\" data-id=\"c0ab6fd\" data-element_type=\"widget\" data-e-type=\"widget\" data-settings=\"{&quot;layout&quot;:&quot;vertical&quot;,&quot;full_width&quot;:&quot;stretch&quot;,&quot;submenu_icon&quot;:{&quot;value&quot;:&quot;&lt;i class=\\&quot;fas fa-caret-down\\&quot; aria-hidden=\\&quot;true\\&quot;&gt;&lt;\\\/i&gt;&quot;,&quot;library&quot;:&quot;fa-solid&quot;},&quot;toggle&quot;:&quot;burger&quot;}\" data-widget_type=\"nav-menu.default\">\n\t\t\t\t<div class=\"elementor-widget-container\">\n\t\t\t\t\t\t\t\t<nav aria-label=\"Menu\" class=\"elementor-nav-menu--main elementor-nav-menu__container elementor-nav-menu--layout-vertical e--pointer-none\">\n\t\t\t\t<ul id=\"menu-1-c0ab6fd\" class=\"elementor-nav-menu sm-vertical\"><li class=\"menu-item menu-item-type-post_type menu-item-object-page menu-item-4008\"><a href=\"https:\/\/www.apload.pt\/en\/homepage\/evaluation-and-social-planning\/\" class=\"elementor-item\">Evaluation and Social Planning<\/a><\/li>\n<li class=\"menu-item menu-item-type-post_type menu-item-object-page menu-item-4009\"><a href=\"https:\/\/www.apload.pt\/en\/homepage\/evaluation-and-social-planning\/team-coordination\/\" class=\"elementor-item\">TEAM COORDINATOR<\/a><\/li>\n<li class=\"menu-item menu-item-type-post_type menu-item-object-page menu-item-4010\"><a href=\"https:\/\/www.apload.pt\/en\/homepage\/evaluation-and-social-planning\/project-evaluation\/\" class=\"elementor-item\">PROJECT EVALUATION<\/a><\/li>\n<li class=\"menu-item menu-item-type-post_type menu-item-object-page menu-item-4011\"><a href=\"https:\/\/www.apload.pt\/en\/homepage\/evaluation-and-social-planning\/project-design-and-innovation\/\" class=\"elementor-item\">PROJECT DESIGN AND INNOVATION<\/a><\/li>\n<li class=\"menu-item menu-item-type-post_type menu-item-object-page menu-item-4012\"><a href=\"https:\/\/www.apload.pt\/en\/homepage\/evaluation-and-social-planning\/education-and-training\/\" class=\"elementor-item\">EDUCATION AND TRAINING<\/a><\/li>\n<li class=\"menu-item menu-item-type-post_type menu-item-object-page menu-item-4013\"><a href=\"https:\/\/www.apload.pt\/en\/homepage\/evaluation-and-social-planning\/projects\/\" class=\"elementor-item\">PROJECTS<\/a><\/li>\n<li class=\"menu-item menu-item-type-post_type menu-item-object-page menu-item-4014\"><a href=\"https:\/\/www.apload.pt\/en\/homepage\/evaluation-and-social-planning\/clients-and-partners\/\" class=\"elementor-item\">CLIENTS AND PARTNERS<\/a><\/li>\n<li class=\"menu-item menu-item-type-post_type menu-item-object-page menu-item-4015\"><a href=\"https:\/\/www.apload.pt\/en\/homepage\/evaluation-and-social-planning\/contacts\/\" class=\"elementor-item\">Contacts<\/a><\/li>\n<\/ul>\t\t\t<\/nav>\n\t\t\t\t\t<div class=\"elementor-menu-toggle\" role=\"button\" tabindex=\"0\" aria-label=\"Menu Toggle\" aria-expanded=\"false\">\n\t\t\t<i aria-hidden=\"true\" role=\"presentation\" class=\"elementor-menu-toggle__icon--open eicon-menu-bar\"><\/i><i aria-hidden=\"true\" role=\"presentation\" class=\"elementor-menu-toggle__icon--close eicon-close\"><\/i>\t\t<\/div>\n\t\t\t\t\t<nav class=\"elementor-nav-menu--dropdown elementor-nav-menu__container\" aria-hidden=\"true\">\n\t\t\t\t<ul id=\"menu-2-c0ab6fd\" class=\"elementor-nav-menu sm-vertical\"><li class=\"menu-item menu-item-type-post_type menu-item-object-page menu-item-4008\"><a href=\"https:\/\/www.apload.pt\/en\/homepage\/evaluation-and-social-planning\/\" class=\"elementor-item\" tabindex=\"-1\">Evaluation and Social Planning<\/a><\/li>\n<li class=\"menu-item menu-item-type-post_type menu-item-object-page menu-item-4009\"><a href=\"https:\/\/www.apload.pt\/en\/homepage\/evaluation-and-social-planning\/team-coordination\/\" class=\"elementor-item\" tabindex=\"-1\">TEAM COORDINATOR<\/a><\/li>\n<li class=\"menu-item menu-item-type-post_type menu-item-object-page menu-item-4010\"><a href=\"https:\/\/www.apload.pt\/en\/homepage\/evaluation-and-social-planning\/project-evaluation\/\" class=\"elementor-item\" tabindex=\"-1\">PROJECT EVALUATION<\/a><\/li>\n<li class=\"menu-item menu-item-type-post_type menu-item-object-page menu-item-4011\"><a href=\"https:\/\/www.apload.pt\/en\/homepage\/evaluation-and-social-planning\/project-design-and-innovation\/\" class=\"elementor-item\" tabindex=\"-1\">PROJECT DESIGN AND INNOVATION<\/a><\/li>\n<li class=\"menu-item menu-item-type-post_type menu-item-object-page menu-item-4012\"><a href=\"https:\/\/www.apload.pt\/en\/homepage\/evaluation-and-social-planning\/education-and-training\/\" class=\"elementor-item\" tabindex=\"-1\">EDUCATION AND TRAINING<\/a><\/li>\n<li class=\"menu-item menu-item-type-post_type menu-item-object-page menu-item-4013\"><a href=\"https:\/\/www.apload.pt\/en\/homepage\/evaluation-and-social-planning\/projects\/\" class=\"elementor-item\" tabindex=\"-1\">PROJECTS<\/a><\/li>\n<li class=\"menu-item menu-item-type-post_type menu-item-object-page menu-item-4014\"><a href=\"https:\/\/www.apload.pt\/en\/homepage\/evaluation-and-social-planning\/clients-and-partners\/\" class=\"elementor-item\" tabindex=\"-1\">CLIENTS AND PARTNERS<\/a><\/li>\n<li class=\"menu-item menu-item-type-post_type menu-item-object-page menu-item-4015\"><a href=\"https:\/\/www.apload.pt\/en\/homepage\/evaluation-and-social-planning\/contacts\/\" class=\"elementor-item\" tabindex=\"-1\">Contacts<\/a><\/li>\n<\/ul>\t\t\t<\/nav>\n\t\t\t\t\t\t<\/div>\n\t\t\t\t<\/div>\n\t\t\t\t<div class=\"elementor-element elementor-element-d7bd455 elementor-shape-circle e-grid-align-right elementor-hidden-mobile elementor-grid-0 elementor-widget elementor-widget-social-icons\" data-id=\"d7bd455\" data-element_type=\"widget\" data-e-type=\"widget\" data-widget_type=\"social-icons.default\">\n\t\t\t\t<div class=\"elementor-widget-container\">\n\t\t\t\t\t\t\t<div class=\"elementor-social-icons-wrapper elementor-grid\" role=\"list\">\n\t\t\t\t\t\t\t<span class=\"elementor-grid-item\" role=\"listitem\">\n\t\t\t\t\t<a class=\"elementor-icon elementor-social-icon elementor-social-icon-facebook elementor-repeater-item-59b0abb\" target=\"_blank\">\n\t\t\t\t\t\t<span class=\"elementor-screen-only\">Facebook<\/span>\n\t\t\t\t\t\t<i aria-hidden=\"true\" class=\"fab fa-facebook\"><\/i>\t\t\t\t\t<\/a>\n\t\t\t\t<\/span>\n\t\t\t\t\t\t\t<span class=\"elementor-grid-item\" role=\"listitem\">\n\t\t\t\t\t<a class=\"elementor-icon elementor-social-icon elementor-social-icon-twitter elementor-repeater-item-a8698c4\" target=\"_blank\">\n\t\t\t\t\t\t<span class=\"elementor-screen-only\">Twitter<\/span>\n\t\t\t\t\t\t<i aria-hidden=\"true\" class=\"fab fa-twitter\"><\/i>\t\t\t\t\t<\/a>\n\t\t\t\t<\/span>\n\t\t\t\t\t\t\t<span class=\"elementor-grid-item\" role=\"listitem\">\n\t\t\t\t\t<a class=\"elementor-icon elementor-social-icon elementor-social-icon-youtube elementor-repeater-item-154e6bc\" target=\"_blank\">\n\t\t\t\t\t\t<span class=\"elementor-screen-only\">Youtube<\/span>\n\t\t\t\t\t\t<i aria-hidden=\"true\" class=\"fab fa-youtube\"><\/i>\t\t\t\t\t<\/a>\n\t\t\t\t<\/span>\n\t\t\t\t\t<\/div>\n\t\t\t\t\t\t<\/div>\n\t\t\t\t<\/div>\n\t\t\t\t<div class=\"elementor-element elementor-element-655ede6 elementor-hidden-mobile elementor-widget elementor-widget-text-editor\" data-id=\"655ede6\" data-element_type=\"widget\" data-e-type=\"widget\" data-widget_type=\"text-editor.default\">\n\t\t\t\t<div class=\"elementor-widget-container\">\n\t\t\t\t\t\t\t\t\t<p>RUA DR. AUGUSTO MARTINS,<br \/>N\u00ba 90, 2\u00ba ANDAR, SALA 4,<br \/>4470-145 MAIA<\/p>\n\t\t\t\t\t\t\t\t<\/div>\n\t\t\t\t<\/div>\n\t\t\t\t\t<\/div>\n\t\t<\/div>\n\t\t\t\t<div class=\"elementor-column elementor-col-33 elementor-top-column elementor-element elementor-element-95a010e\" data-id=\"95a010e\" data-element_type=\"column\" data-e-type=\"column\" data-settings=\"{&quot;background_background&quot;:&quot;classic&quot;}\">\n\t\t\t<div class=\"elementor-widget-wrap elementor-element-populated\">\n\t\t\t\t\t\t<div class=\"elementor-element elementor-element-8e46de3 elementor-pagination-position-inside elementor-arrows-position-inside elementor-widget elementor-widget-image-carousel\" data-id=\"8e46de3\" data-element_type=\"widget\" data-e-type=\"widget\" data-settings=\"{&quot;slides_to_show&quot;:&quot;1&quot;,&quot;navigation&quot;:&quot;both&quot;,&quot;autoplay&quot;:&quot;yes&quot;,&quot;pause_on_hover&quot;:&quot;yes&quot;,&quot;pause_on_interaction&quot;:&quot;yes&quot;,&quot;autoplay_speed&quot;:5000,&quot;infinite&quot;:&quot;yes&quot;,&quot;effect&quot;:&quot;slide&quot;,&quot;speed&quot;:500}\" data-widget_type=\"image-carousel.default\">\n\t\t\t\t<div class=\"elementor-widget-container\">\n\t\t\t\t\t\t\t<div class=\"elementor-image-carousel-wrapper swiper\" role=\"region\" aria-roledescription=\"carousel\" aria-label=\"Image Carousel\" dir=\"ltr\">\n\t\t\t<div class=\"elementor-image-carousel swiper-wrapper swiper-image-stretch\" aria-live=\"off\">\n\t\t\t\t\t\t\t\t<div class=\"swiper-slide\" role=\"group\" aria-roledescription=\"slide\" aria-label=\"1 of 1\"><figure class=\"swiper-slide-inner\"><img decoding=\"async\" class=\"swiper-slide-image\" src=\"https:\/\/www.apload.pt\/wp-content\/uploads\/2023\/11\/under-construction.png\" alt=\"under-construction\" \/><\/figure><\/div>\t\t\t<\/div>\n\t\t\t\t\t<\/div>\n\t\t\t\t\t\t<\/div>\n\t\t\t\t<\/div>\n\t\t\t\t<div class=\"elementor-element elementor-element-6dc323d elementor-widget elementor-widget-heading\" data-id=\"6dc323d\" data-element_type=\"widget\" data-e-type=\"widget\" data-widget_type=\"heading.default\">\n\t\t\t\t<div class=\"elementor-widget-container\">\n\t\t\t\t\t<h1 class=\"elementor-heading-title elementor-size-default\">Projeto Under Construction<\/h1>\t\t\t\t<\/div>\n\t\t\t\t<\/div>\n\t\t\t\t<div class=\"elementor-element elementor-element-fb986e8 elementor-widget elementor-widget-text-editor\" data-id=\"fb986e8\" data-element_type=\"widget\" data-e-type=\"widget\" data-widget_type=\"text-editor.default\">\n\t\t\t\t<div class=\"elementor-widget-container\">\n\t\t\t\t\t\t\t\t\t<p>Coordena\u00e7\u00e3o do Projeto\u00a0<a href=\"http:\/\/www.underconstructionkeyskills.eu\/\" target=\"_blank\" rel=\"noopener\"><strong>Under Construction &#8211; Key Skills Making Top Professionals in Construction and Habitat 4.0<\/strong><\/a>\u00a0(2018-2021), uma parceria estrat\u00e9gica\u00a0<strong>Erasmus+<\/strong>\u00a0no dom\u00ednio da Forma\u00e7\u00e3o Profissional. O projeto aborda as compet\u00eancias de profissionais e de formandos em sete dom\u00ednios de Constru\u00e7\u00e3o Civil e Ind\u00fastria 4.0:\u00a0<strong>Carpintaria, Alvenaria, Ladrilhagem, Marcenaria, Dom\u00f3tica, Design &amp; Tecnologias e Impress\u00e3o 3D<\/strong>. Baseia-se numa avalia\u00e7\u00e3o de necessidades da parceria, verificando como as tend\u00eancias atuais do mercado de trabalho s\u00e3o moldadas pelo aumento da competitividade, exigindo, assim, atualiza\u00e7\u00f5es r\u00e1pidas e aumento das compet\u00eancias profissionais. Torna-se ent\u00e3o necess\u00e1rio facilitar as condi\u00e7\u00f5es para esse aprimoramento, principalmente em profiss\u00f5es &#8220;tradicionais&#8221;, mas tamb\u00e9m em profiss\u00f5es emergentes e de r\u00e1pida evolu\u00e7\u00e3o.<\/p>\n<p>O projeto prop\u00f5e criar (i) guia relativo \u00e0s compet\u00eancias de excel\u00eancia nos 7 dom\u00ednios visados; (ii) curricula de forma\u00e7\u00e3o para cada um desses dom\u00ednios; (iii) cursos e-learning de acesso aberto; (iv) roteiro de integra\u00e7\u00e3o dos curricula em percursos formais de forma\u00e7\u00e3o baseado nos resultados de pilotagem obtidos.<\/p>\n<p>A parceria \u00e9 liderada pela\u00a0<a href=\"https:\/\/www.apload.pt\/en\/\" target=\"_blank\" rel=\"noopener\"><strong>APLOAD Lda<\/strong><\/a>\u00a0e inclui o\u00a0<a href=\"http:\/\/www.cetem.es\/\" target=\"_blank\" rel=\"noopener\"><strong>CETEM &#8211; Associa\u00e7\u00e3o Empresarial de Investiga\u00e7\u00e3o Centro Tecnol\u00f3gico do M\u00f3vel e da Madeira da Regi\u00e3o de M\u00farcia<\/strong><\/a>, Espanha, o\u00a0<a href=\"http:\/\/www.ili.fau.de\/\" target=\"_blank\" rel=\"noopener\"><strong>Institut f\u00fcr Lern-Innovation &#8211; Friedrich-Alexander-Universitaet Erlangen Nuernberg<\/strong><\/a>, Alemanha, o\u00a0<a href=\"http:\/\/www.materahub.com\/\" target=\"_blank\" rel=\"noopener\"><strong>Consorzio Materahub Ind\u00fastria Cultural e Criativa<\/strong><\/a>, It\u00e1lia, a empresa\u00a0<strong>Merk<\/strong>, Pa\u00edses Baixos e o\u00a0<a href=\"http:\/\/www.ciccopn.pt\/\" target=\"_blank\" rel=\"noopener\"><strong>CICCOPN &#8211; Centro de Forma\u00e7\u00e3o Profissional da Ind\u00fastria da Constru\u00e7\u00e3o Civil e Obras P\u00fablicas do Norte<\/strong><\/a>, Portugal.<\/p>\n\t\t\t\t\t\t\t\t<\/div>\n\t\t\t\t<\/div>\n\t\t\t\t\t<\/div>\n\t\t<\/div>\n\t\t\t\t<div class=\"elementor-column elementor-col-33 elementor-top-column elementor-element elementor-element-3a4fe20\" data-id=\"3a4fe20\" data-element_type=\"column\" data-e-type=\"column\">\n\t\t\t<div class=\"elementor-widget-wrap\">\n\t\t\t\t\t\t\t<\/div>\n\t\t<\/div>\n\t\t\t\t\t<\/div>\n\t\t<\/section>\n\t\t\t\t<\/div>\n\t\t","protected":false},"excerpt":{"rendered":"<p>Facebook Twitter Youtube RUA DR. AUGUSTO MARTINS,N\u00ba 90, 2\u00ba ANDAR, SALA 4,4470-145 MAIA Projeto Under Construction Coordena\u00e7\u00e3o do Projeto\u00a0Under Construction &#8211; Key Skills Making Top Professionals in Construction and Habitat 4.0\u00a0(2018-2021), uma parceria estrat\u00e9gica\u00a0Erasmus+\u00a0no dom\u00ednio da Forma\u00e7\u00e3o Profissional. O projeto aborda as compet\u00eancias de profissionais e de formandos em sete dom\u00ednios de Constru\u00e7\u00e3o Civil e&hellip; <a class=\"more-link\" href=\"https:\/\/www.apload.pt\/en\/homepage\/evaluation-and-social-planning\/projects\/project-under-construction\/\">Continue reading <span class=\"screen-reader-text\">Project Under Construction<\/span><\/a><\/p>\n","protected":false},"author":1,"featured_media":3743,"parent":3928,"menu_order":0,"comment_status":"closed","ping_status":"closed","template":"","meta":{"footnotes":""},"class_list":["post-3850","page","type-page","status-publish","has-post-thumbnail","hentry","entry"],"_links":{"self":[{"href":"https:\/\/www.apload.pt\/en\/wp-json\/wp\/v2\/pages\/3850","targetHints":{"allow":["GET"]}}],"collection":[{"href":"https:\/\/www.apload.pt\/en\/wp-json\/wp\/v2\/pages"}],"about":[{"href":"https:\/\/www.apload.pt\/en\/wp-json\/wp\/v2\/types\/page"}],"author":[{"embeddable":true,"href":"https:\/\/www.apload.pt\/en\/wp-json\/wp\/v2\/users\/1"}],"replies":[{"embeddable":true,"href":"https:\/\/www.apload.pt\/en\/wp-json\/wp\/v2\/comments?post=3850"}],"version-history":[{"count":6,"href":"https:\/\/www.apload.pt\/en\/wp-json\/wp\/v2\/pages\/3850\/revisions"}],"predecessor-version":[{"id":4678,"href":"https:\/\/www.apload.pt\/en\/wp-json\/wp\/v2\/pages\/3850\/revisions\/4678"}],"up":[{"embeddable":true,"href":"https:\/\/www.apload.pt\/en\/wp-json\/wp\/v2\/pages\/3928"}],"wp:featuredmedia":[{"embeddable":true,"href":"https:\/\/www.apload.pt\/en\/wp-json\/wp\/v2\/media\/3743"}],"wp:attachment":[{"href":"https:\/\/www.apload.pt\/en\/wp-json\/wp\/v2\/media?parent=3850"}],"curies":[{"name":"wp","href":"https:\/\/api.w.org\/{rel}","templated":true}]}}