{"id":3770,"date":"2021-09-06T11:00:28","date_gmt":"2021-09-06T11:00:28","guid":{"rendered":"https:\/\/www.apload.pt\/homepage\/arquitectura-paisagista\/clientes-e-parceiros\/"},"modified":"2023-11-14T21:47:39","modified_gmt":"2023-11-14T21:47:39","slug":"clients-and-partners","status":"publish","type":"page","link":"https:\/\/www.apload.pt\/en\/homepage\/landscape-architecture\/clients-and-partners\/","title":{"rendered":"CLIENTS AND PARTNERS"},"content":{"rendered":"\t\t<div data-elementor-type=\"wp-page\" data-elementor-id=\"3770\" class=\"elementor elementor-3770 elementor-173\" data-elementor-post-type=\"page\">\n\t\t\t\t\t\t<header class=\"elementor-section elementor-top-section elementor-element elementor-element-71f240e elementor-section-full_width elementor-section-stretched elementor-section-height-default elementor-section-height-default\" data-id=\"71f240e\" data-element_type=\"section\" data-e-type=\"section\" data-settings=\"{&quot;stretch_section&quot;:&quot;section-stretched&quot;}\">\n\t\t\t\t\t\t<div class=\"elementor-container elementor-column-gap-default\">\n\t\t\t\t\t<div class=\"elementor-column elementor-col-33 elementor-top-column elementor-element elementor-element-80665df\" data-id=\"80665df\" data-element_type=\"column\" data-e-type=\"column\">\n\t\t\t<div class=\"elementor-widget-wrap elementor-element-populated\">\n\t\t\t\t\t\t<div class=\"elementor-element elementor-element-984902d elementor-widget elementor-widget-image\" data-id=\"984902d\" data-element_type=\"widget\" data-e-type=\"widget\" data-widget_type=\"image.default\">\n\t\t\t\t<div class=\"elementor-widget-container\">\n\t\t\t\t\t\t\t\t\t\t\t\t\t\t\t\t<a href=\"https:\/\/www.apload.pt\/en\/homepage\/arquitectura-paisagista\/\">\n\t\t\t\t\t\t\t<img decoding=\"async\" width=\"229\" height=\"106\" src=\"https:\/\/www.apload.pt\/wp-content\/uploads\/2021\/09\/logo-1.png\" class=\"attachment-large size-large wp-image-3255\" alt=\"\" style=\"width:100%;height:46.29%;max-width:229px\" \/>\t\t\t\t\t\t\t\t<\/a>\n\t\t\t\t\t\t\t\t\t\t\t\t\t\t\t<\/div>\n\t\t\t\t<\/div>\n\t\t\t\t\t<\/div>\n\t\t<\/div>\n\t\t\t\t<div class=\"elementor-column elementor-col-33 elementor-top-column elementor-element elementor-element-31fc385 elementor-hidden-mobile\" data-id=\"31fc385\" data-element_type=\"column\" data-e-type=\"column\">\n\t\t\t<div class=\"elementor-widget-wrap elementor-element-populated\">\n\t\t\t\t\t\t<div class=\"elementor-element elementor-element-eda1f08 elementor-nav-menu__align-end elementor-nav-menu--stretch elementor-nav-menu--dropdown-tablet elementor-nav-menu__text-align-aside elementor-nav-menu--toggle elementor-nav-menu--burger elementor-widget elementor-widget-nav-menu\" data-id=\"eda1f08\" data-element_type=\"widget\" data-e-type=\"widget\" data-settings=\"{&quot;full_width&quot;:&quot;stretch&quot;,&quot;layout&quot;:&quot;horizontal&quot;,&quot;submenu_icon&quot;:{&quot;value&quot;:&quot;&lt;i class=\\&quot;fas fa-caret-down\\&quot; aria-hidden=\\&quot;true\\&quot;&gt;&lt;\\\/i&gt;&quot;,&quot;library&quot;:&quot;fa-solid&quot;},&quot;toggle&quot;:&quot;burger&quot;}\" data-widget_type=\"nav-menu.default\">\n\t\t\t\t<div class=\"elementor-widget-container\">\n\t\t\t\t\t\t\t\t<nav aria-label=\"Menu\" class=\"elementor-nav-menu--main elementor-nav-menu__container elementor-nav-menu--layout-horizontal e--pointer-underline e--animation-fade\">\n\t\t\t\t<ul id=\"menu-1-eda1f08\" class=\"elementor-nav-menu\"><li class=\"menu-item menu-item-type-post_type menu-item-object-page menu-item-4006\"><a href=\"https:\/\/www.apload.pt\/en\/homepage\/landscape-architecture\/\" class=\"elementor-item\">LANDSCAPE ARCHITECTURE<\/a><\/li>\n<li class=\"menu-item menu-item-type-post_type menu-item-object-page menu-item-4007\"><a href=\"https:\/\/www.apload.pt\/en\/homepage\/evaluation-and-social-planning\/\" class=\"elementor-item\">EVALUATION AND SOCIAL PLANNING<\/a><\/li>\n<li class=\"menu-item wpml-ls-slot-4 wpml-ls-item wpml-ls-item-pt-pt wpml-ls-menu-item wpml-ls-first-item wpml-ls-last-item menu-item-type-wpml_ls_menu_item menu-item-object-wpml_ls_menu_item menu-item-wpml-ls-4-pt-pt\"><a href=\"https:\/\/www.apload.pt\/\" title=\"Switch to Portuguese (Portugal)\" aria-label=\"Switch to Portuguese (Portugal)\" class=\"elementor-item\"><img decoding=\"async\"\n            class=\"wpml-ls-flag\"\n            src=\"https:\/\/www.apload.pt\/wp-content\/plugins\/sitepress-multilingual-cms\/res\/flags\/pt-pt.svg\"\n            alt=\"Portuguese (Portugal)\"\n            loading=\"lazy\"\n            \n            \n    \/><\/a><\/li>\n<\/ul>\t\t\t<\/nav>\n\t\t\t\t\t<div class=\"elementor-menu-toggle\" role=\"button\" tabindex=\"0\" aria-label=\"Menu Toggle\" aria-expanded=\"false\">\n\t\t\t<i aria-hidden=\"true\" role=\"presentation\" class=\"elementor-menu-toggle__icon--open eicon-menu-bar\"><\/i><i aria-hidden=\"true\" role=\"presentation\" class=\"elementor-menu-toggle__icon--close eicon-close\"><\/i>\t\t<\/div>\n\t\t\t\t\t<nav class=\"elementor-nav-menu--dropdown elementor-nav-menu__container\" aria-hidden=\"true\">\n\t\t\t\t<ul id=\"menu-2-eda1f08\" class=\"elementor-nav-menu\"><li class=\"menu-item menu-item-type-post_type menu-item-object-page menu-item-4006\"><a href=\"https:\/\/www.apload.pt\/en\/homepage\/landscape-architecture\/\" class=\"elementor-item\" tabindex=\"-1\">LANDSCAPE ARCHITECTURE<\/a><\/li>\n<li class=\"menu-item menu-item-type-post_type menu-item-object-page menu-item-4007\"><a href=\"https:\/\/www.apload.pt\/en\/homepage\/evaluation-and-social-planning\/\" class=\"elementor-item\" tabindex=\"-1\">EVALUATION AND SOCIAL PLANNING<\/a><\/li>\n<li class=\"menu-item wpml-ls-slot-4 wpml-ls-item wpml-ls-item-pt-pt wpml-ls-menu-item wpml-ls-first-item wpml-ls-last-item menu-item-type-wpml_ls_menu_item menu-item-object-wpml_ls_menu_item menu-item-wpml-ls-4-pt-pt\"><a href=\"https:\/\/www.apload.pt\/\" title=\"Switch to Portuguese (Portugal)\" aria-label=\"Switch to Portuguese (Portugal)\" class=\"elementor-item\" tabindex=\"-1\"><img decoding=\"async\"\n            class=\"wpml-ls-flag\"\n            src=\"https:\/\/www.apload.pt\/wp-content\/plugins\/sitepress-multilingual-cms\/res\/flags\/pt-pt.svg\"\n            alt=\"Portuguese (Portugal)\"\n            loading=\"lazy\"\n            \n            \n    \/><\/a><\/li>\n<\/ul>\t\t\t<\/nav>\n\t\t\t\t\t\t<\/div>\n\t\t\t\t<\/div>\n\t\t\t\t\t<\/div>\n\t\t<\/div>\n\t\t\t\t<div class=\"elementor-column elementor-col-33 elementor-top-column elementor-element elementor-element-bf82dec\" data-id=\"bf82dec\" data-element_type=\"column\" data-e-type=\"column\">\n\t\t\t<div class=\"elementor-widget-wrap\">\n\t\t\t\t\t\t\t<\/div>\n\t\t<\/div>\n\t\t\t\t\t<\/div>\n\t\t<\/header>\n\t\t\t\t<section class=\"elementor-section elementor-top-section elementor-element elementor-element-02e0567 elementor-section-full_width elementor-section-stretched elementor-section-height-default elementor-section-height-default\" data-id=\"02e0567\" data-element_type=\"section\" data-e-type=\"section\" data-settings=\"{&quot;stretch_section&quot;:&quot;section-stretched&quot;}\">\n\t\t\t\t\t\t<div class=\"elementor-container elementor-column-gap-no\">\n\t\t\t\t\t<div class=\"elementor-column elementor-col-33 elementor-top-column elementor-element elementor-element-e1e0473\" data-id=\"e1e0473\" data-element_type=\"column\" data-e-type=\"column\">\n\t\t\t<div class=\"elementor-widget-wrap elementor-element-populated\">\n\t\t\t\t\t\t<div class=\"elementor-element elementor-element-5c66624 elementor-nav-menu__align-end elementor-nav-menu--stretch elementor-nav-menu--dropdown-tablet elementor-nav-menu__text-align-aside elementor-nav-menu--toggle elementor-nav-menu--burger elementor-widget elementor-widget-nav-menu\" data-id=\"5c66624\" data-element_type=\"widget\" data-e-type=\"widget\" data-settings=\"{&quot;layout&quot;:&quot;vertical&quot;,&quot;full_width&quot;:&quot;stretch&quot;,&quot;submenu_icon&quot;:{&quot;value&quot;:&quot;&lt;i class=\\&quot;fas fa-caret-down\\&quot; aria-hidden=\\&quot;true\\&quot;&gt;&lt;\\\/i&gt;&quot;,&quot;library&quot;:&quot;fa-solid&quot;},&quot;toggle&quot;:&quot;burger&quot;}\" data-widget_type=\"nav-menu.default\">\n\t\t\t\t<div class=\"elementor-widget-container\">\n\t\t\t\t\t\t\t\t<nav aria-label=\"Menu\" class=\"elementor-nav-menu--main elementor-nav-menu__container elementor-nav-menu--layout-vertical e--pointer-none\">\n\t\t\t\t<ul id=\"menu-1-5c66624\" class=\"elementor-nav-menu sm-vertical\"><li class=\"menu-item menu-item-type-post_type menu-item-object-page menu-item-3989\"><a href=\"https:\/\/www.apload.pt\/en\/homepage\/landscape-architecture\/\" class=\"elementor-item\">LANDSCAPE ARCHITECTURE<\/a><\/li>\n<li class=\"menu-item menu-item-type-post_type menu-item-object-page menu-item-3990\"><a href=\"https:\/\/www.apload.pt\/en\/homepage\/landscape-architecture\/team-coordinator\/\" class=\"elementor-item\">TEAM COORDINATOR<\/a><\/li>\n<li class=\"menu-item menu-item-type-post_type menu-item-object-page menu-item-has-children menu-item-3991\"><a href=\"https:\/\/www.apload.pt\/en\/homepage\/landscape-architecture\/projects\/\" class=\"elementor-item\">SERVICES<\/a>\n<ul class=\"sub-menu elementor-nav-menu--dropdown\">\n\t<li class=\"menu-item menu-item-type-post_type menu-item-object-page menu-item-3992\"><a href=\"https:\/\/www.apload.pt\/en\/homepage\/landscape-architecture\/projects\/projects\/\" class=\"elementor-sub-item\">PROJECTS<\/a><\/li>\n\t<li class=\"menu-item menu-item-type-post_type menu-item-object-page menu-item-3993\"><a href=\"https:\/\/www.apload.pt\/en\/homepage\/landscape-architecture\/projects\/land-use-and-spatial-planning\/\" class=\"elementor-sub-item\">LAND USE AND SPATIAL PLANNING<\/a><\/li>\n\t<li class=\"menu-item menu-item-type-post_type menu-item-object-page menu-item-3994\"><a href=\"https:\/\/www.apload.pt\/en\/homepage\/landscape-architecture\/projects\/studies\/\" class=\"elementor-sub-item\">STUDIES<\/a><\/li>\n\t<li class=\"menu-item menu-item-type-post_type menu-item-object-page menu-item-3995\"><a href=\"https:\/\/www.apload.pt\/en\/homepage\/landscape-architecture\/projects\/building\/\" class=\"elementor-sub-item\">BUILDING<\/a><\/li>\n\t<li class=\"menu-item menu-item-type-post_type menu-item-object-page menu-item-3996\"><a href=\"https:\/\/www.apload.pt\/en\/homepage\/landscape-architecture\/projects\/site-supervision\/\" class=\"elementor-sub-item\">SITE SUPERVISION<\/a><\/li>\n<\/ul>\n<\/li>\n<li class=\"menu-item menu-item-type-post_type menu-item-object-page menu-item-has-children menu-item-3997\"><a href=\"https:\/\/www.apload.pt\/en\/homepage\/landscape-architecture\/portfolio\/\" class=\"elementor-item\">PORTFOLIO<\/a>\n<ul class=\"sub-menu elementor-nav-menu--dropdown\">\n\t<li class=\"menu-item menu-item-type-post_type menu-item-object-page menu-item-3998\"><a href=\"https:\/\/www.apload.pt\/en\/homepage\/landscape-architecture\/portfolio\/institutional\/\" class=\"elementor-sub-item\">INSTITUTIONAL<\/a><\/li>\n\t<li class=\"menu-item menu-item-type-post_type menu-item-object-page menu-item-3999\"><a href=\"https:\/\/www.apload.pt\/en\/homepage\/landscape-architecture\/portfolio\/urban-renewal\/\" class=\"elementor-sub-item\">URBAN RENEWAL<\/a><\/li>\n\t<li class=\"menu-item menu-item-type-post_type menu-item-object-page menu-item-4000\"><a href=\"https:\/\/www.apload.pt\/en\/homepage\/landscape-architecture\/portfolio\/competitions\/\" class=\"elementor-sub-item\">COMPETITIONS<\/a><\/li>\n\t<li class=\"menu-item menu-item-type-post_type menu-item-object-page menu-item-4001\"><a href=\"https:\/\/www.apload.pt\/en\/homepage\/landscape-architecture\/portfolio\/industrial-and-housing-developments\/\" class=\"elementor-sub-item\">INDUSTRIAL AND HOUSING DEVELOPMENTS<\/a><\/li>\n\t<li class=\"menu-item menu-item-type-post_type menu-item-object-page menu-item-4002\"><a href=\"https:\/\/www.apload.pt\/en\/homepage\/landscape-architecture\/portfolio\/private-gardens\/\" class=\"elementor-sub-item\">PRIVATE GARDENS<\/a><\/li>\n\t<li class=\"menu-item menu-item-type-post_type menu-item-object-page menu-item-4003\"><a href=\"https:\/\/www.apload.pt\/en\/homepage\/landscape-architecture\/portfolio\/spatial-planning-and-landscape\/\" class=\"elementor-sub-item\">SPATIAL PLANNING AND LANDSCAPE<\/a><\/li>\n<\/ul>\n<\/li>\n<li class=\"menu-item menu-item-type-post_type menu-item-object-page menu-item-4004\"><a href=\"https:\/\/www.apload.pt\/en\/homepage\/landscape-architecture\/clients-and-partners\/\" class=\"elementor-item\">CLIENTS AND PARTNERS<\/a><\/li>\n<li class=\"menu-item menu-item-type-post_type menu-item-object-page menu-item-4005\"><a href=\"https:\/\/www.apload.pt\/en\/homepage\/landscape-architecture\/contacts\/\" class=\"elementor-item\">CONTACTS<\/a><\/li>\n<\/ul>\t\t\t<\/nav>\n\t\t\t\t\t<div class=\"elementor-menu-toggle\" role=\"button\" tabindex=\"0\" aria-label=\"Menu Toggle\" aria-expanded=\"false\">\n\t\t\t<i aria-hidden=\"true\" role=\"presentation\" class=\"elementor-menu-toggle__icon--open eicon-menu-bar\"><\/i><i aria-hidden=\"true\" role=\"presentation\" class=\"elementor-menu-toggle__icon--close eicon-close\"><\/i>\t\t<\/div>\n\t\t\t\t\t<nav class=\"elementor-nav-menu--dropdown elementor-nav-menu__container\" aria-hidden=\"true\">\n\t\t\t\t<ul id=\"menu-2-5c66624\" class=\"elementor-nav-menu sm-vertical\"><li class=\"menu-item menu-item-type-post_type menu-item-object-page menu-item-3989\"><a href=\"https:\/\/www.apload.pt\/en\/homepage\/landscape-architecture\/\" class=\"elementor-item\" tabindex=\"-1\">LANDSCAPE ARCHITECTURE<\/a><\/li>\n<li class=\"menu-item menu-item-type-post_type menu-item-object-page menu-item-3990\"><a href=\"https:\/\/www.apload.pt\/en\/homepage\/landscape-architecture\/team-coordinator\/\" class=\"elementor-item\" tabindex=\"-1\">TEAM COORDINATOR<\/a><\/li>\n<li class=\"menu-item menu-item-type-post_type menu-item-object-page menu-item-has-children menu-item-3991\"><a href=\"https:\/\/www.apload.pt\/en\/homepage\/landscape-architecture\/projects\/\" class=\"elementor-item\" tabindex=\"-1\">SERVICES<\/a>\n<ul class=\"sub-menu elementor-nav-menu--dropdown\">\n\t<li class=\"menu-item menu-item-type-post_type menu-item-object-page menu-item-3992\"><a href=\"https:\/\/www.apload.pt\/en\/homepage\/landscape-architecture\/projects\/projects\/\" class=\"elementor-sub-item\" tabindex=\"-1\">PROJECTS<\/a><\/li>\n\t<li class=\"menu-item menu-item-type-post_type menu-item-object-page menu-item-3993\"><a href=\"https:\/\/www.apload.pt\/en\/homepage\/landscape-architecture\/projects\/land-use-and-spatial-planning\/\" class=\"elementor-sub-item\" tabindex=\"-1\">LAND USE AND SPATIAL PLANNING<\/a><\/li>\n\t<li class=\"menu-item menu-item-type-post_type menu-item-object-page menu-item-3994\"><a href=\"https:\/\/www.apload.pt\/en\/homepage\/landscape-architecture\/projects\/studies\/\" class=\"elementor-sub-item\" tabindex=\"-1\">STUDIES<\/a><\/li>\n\t<li class=\"menu-item menu-item-type-post_type menu-item-object-page menu-item-3995\"><a href=\"https:\/\/www.apload.pt\/en\/homepage\/landscape-architecture\/projects\/building\/\" class=\"elementor-sub-item\" tabindex=\"-1\">BUILDING<\/a><\/li>\n\t<li class=\"menu-item menu-item-type-post_type menu-item-object-page menu-item-3996\"><a href=\"https:\/\/www.apload.pt\/en\/homepage\/landscape-architecture\/projects\/site-supervision\/\" class=\"elementor-sub-item\" tabindex=\"-1\">SITE SUPERVISION<\/a><\/li>\n<\/ul>\n<\/li>\n<li class=\"menu-item menu-item-type-post_type menu-item-object-page menu-item-has-children menu-item-3997\"><a href=\"https:\/\/www.apload.pt\/en\/homepage\/landscape-architecture\/portfolio\/\" class=\"elementor-item\" tabindex=\"-1\">PORTFOLIO<\/a>\n<ul class=\"sub-menu elementor-nav-menu--dropdown\">\n\t<li class=\"menu-item menu-item-type-post_type menu-item-object-page menu-item-3998\"><a href=\"https:\/\/www.apload.pt\/en\/homepage\/landscape-architecture\/portfolio\/institutional\/\" class=\"elementor-sub-item\" tabindex=\"-1\">INSTITUTIONAL<\/a><\/li>\n\t<li class=\"menu-item menu-item-type-post_type menu-item-object-page menu-item-3999\"><a href=\"https:\/\/www.apload.pt\/en\/homepage\/landscape-architecture\/portfolio\/urban-renewal\/\" class=\"elementor-sub-item\" tabindex=\"-1\">URBAN RENEWAL<\/a><\/li>\n\t<li class=\"menu-item menu-item-type-post_type menu-item-object-page menu-item-4000\"><a href=\"https:\/\/www.apload.pt\/en\/homepage\/landscape-architecture\/portfolio\/competitions\/\" class=\"elementor-sub-item\" tabindex=\"-1\">COMPETITIONS<\/a><\/li>\n\t<li class=\"menu-item menu-item-type-post_type menu-item-object-page menu-item-4001\"><a href=\"https:\/\/www.apload.pt\/en\/homepage\/landscape-architecture\/portfolio\/industrial-and-housing-developments\/\" class=\"elementor-sub-item\" tabindex=\"-1\">INDUSTRIAL AND HOUSING DEVELOPMENTS<\/a><\/li>\n\t<li class=\"menu-item menu-item-type-post_type menu-item-object-page menu-item-4002\"><a href=\"https:\/\/www.apload.pt\/en\/homepage\/landscape-architecture\/portfolio\/private-gardens\/\" class=\"elementor-sub-item\" tabindex=\"-1\">PRIVATE GARDENS<\/a><\/li>\n\t<li class=\"menu-item menu-item-type-post_type menu-item-object-page menu-item-4003\"><a href=\"https:\/\/www.apload.pt\/en\/homepage\/landscape-architecture\/portfolio\/spatial-planning-and-landscape\/\" class=\"elementor-sub-item\" tabindex=\"-1\">SPATIAL PLANNING AND LANDSCAPE<\/a><\/li>\n<\/ul>\n<\/li>\n<li class=\"menu-item menu-item-type-post_type menu-item-object-page menu-item-4004\"><a href=\"https:\/\/www.apload.pt\/en\/homepage\/landscape-architecture\/clients-and-partners\/\" class=\"elementor-item\" tabindex=\"-1\">CLIENTS AND PARTNERS<\/a><\/li>\n<li class=\"menu-item menu-item-type-post_type menu-item-object-page menu-item-4005\"><a href=\"https:\/\/www.apload.pt\/en\/homepage\/landscape-architecture\/contacts\/\" class=\"elementor-item\" tabindex=\"-1\">CONTACTS<\/a><\/li>\n<\/ul>\t\t\t<\/nav>\n\t\t\t\t\t\t<\/div>\n\t\t\t\t<\/div>\n\t\t\t\t<div class=\"elementor-element elementor-element-d7bd455 elementor-shape-circle e-grid-align-right elementor-hidden-mobile elementor-grid-0 elementor-widget elementor-widget-social-icons\" data-id=\"d7bd455\" data-element_type=\"widget\" data-e-type=\"widget\" data-widget_type=\"social-icons.default\">\n\t\t\t\t<div class=\"elementor-widget-container\">\n\t\t\t\t\t\t\t<div class=\"elementor-social-icons-wrapper elementor-grid\" role=\"list\">\n\t\t\t\t\t\t\t<span class=\"elementor-grid-item\" role=\"listitem\">\n\t\t\t\t\t<a class=\"elementor-icon elementor-social-icon elementor-social-icon-facebook elementor-repeater-item-59b0abb\" target=\"_blank\">\n\t\t\t\t\t\t<span class=\"elementor-screen-only\">Facebook<\/span>\n\t\t\t\t\t\t<i aria-hidden=\"true\" class=\"fab fa-facebook\"><\/i>\t\t\t\t\t<\/a>\n\t\t\t\t<\/span>\n\t\t\t\t\t\t\t<span class=\"elementor-grid-item\" role=\"listitem\">\n\t\t\t\t\t<a class=\"elementor-icon elementor-social-icon elementor-social-icon-twitter elementor-repeater-item-a8698c4\" target=\"_blank\">\n\t\t\t\t\t\t<span class=\"elementor-screen-only\">Twitter<\/span>\n\t\t\t\t\t\t<i aria-hidden=\"true\" class=\"fab fa-twitter\"><\/i>\t\t\t\t\t<\/a>\n\t\t\t\t<\/span>\n\t\t\t\t\t\t\t<span class=\"elementor-grid-item\" role=\"listitem\">\n\t\t\t\t\t<a class=\"elementor-icon elementor-social-icon elementor-social-icon-youtube elementor-repeater-item-154e6bc\" target=\"_blank\">\n\t\t\t\t\t\t<span class=\"elementor-screen-only\">Youtube<\/span>\n\t\t\t\t\t\t<i aria-hidden=\"true\" class=\"fab fa-youtube\"><\/i>\t\t\t\t\t<\/a>\n\t\t\t\t<\/span>\n\t\t\t\t\t<\/div>\n\t\t\t\t\t\t<\/div>\n\t\t\t\t<\/div>\n\t\t\t\t<div class=\"elementor-element elementor-element-655ede6 elementor-hidden-mobile elementor-widget elementor-widget-text-editor\" data-id=\"655ede6\" data-element_type=\"widget\" data-e-type=\"widget\" data-widget_type=\"text-editor.default\">\n\t\t\t\t<div class=\"elementor-widget-container\">\n\t\t\t\t\t\t\t\t\t<p>RUA DR. AUGUSTO MARTINS,<br \/>N\u00ba 90, 2\u00ba ANDAR, SALA 4,<br \/>4470-145 MAIA<\/p>\n\t\t\t\t\t\t\t\t<\/div>\n\t\t\t\t<\/div>\n\t\t\t\t\t<\/div>\n\t\t<\/div>\n\t\t\t\t<div class=\"elementor-column elementor-col-33 elementor-top-column elementor-element elementor-element-95a010e\" data-id=\"95a010e\" data-element_type=\"column\" data-e-type=\"column\" data-settings=\"{&quot;background_background&quot;:&quot;classic&quot;}\">\n\t\t\t<div class=\"elementor-widget-wrap elementor-element-populated\">\n\t\t\t\t\t\t<div class=\"elementor-element elementor-element-6dc323d elementor-widget elementor-widget-heading\" data-id=\"6dc323d\" data-element_type=\"widget\" data-e-type=\"widget\" data-widget_type=\"heading.default\">\n\t\t\t\t<div class=\"elementor-widget-container\">\n\t\t\t\t\t<h1 class=\"elementor-heading-title elementor-size-default\">Clients and Partners<\/h1>\t\t\t\t<\/div>\n\t\t\t\t<\/div>\n\t\t\t\t<div class=\"elementor-element elementor-element-fb986e8 elementor-widget elementor-widget-text-editor\" data-id=\"fb986e8\" data-element_type=\"widget\" data-e-type=\"widget\" data-widget_type=\"text-editor.default\">\n\t\t\t\t<div class=\"elementor-widget-container\">\n\t\t\t\t\t\t\t\t\t<p><a href=\"http:\/\/www.560architects.com\/\" target=\"_blank\" rel=\"noopener\">560 ARCHITECTS<\/a><br>\r\n<a href=\"http:\/\/www.aguasdoporto.pt\/\" target=\"_blank\" rel=\"noopener\">\u00c1GUAS&nbsp;DO PORTO EM<\/a><br>\r\n<a href=\"http:\/\/www.allvision.pt\/\" target=\"_blank\" rel=\"noopener\">ALLVISION<\/a><br>\r\n<a href=\"http:\/\/www.aqualogus.pt\/\" target=\"_blank\" rel=\"noopener\">AQUALOGUS, Engenharia e Ambiente<\/a><br>\r\n<a href=\"http:\/\/www.biodesign.pt\/\" target=\"_blank\" rel=\"noopener\">BIODESIGN, Ambiente e Paisagem, Lda.<\/a><br>\r\n<a href=\"http:\/\/www.ca-arquitectos.com\/\" target=\"_blank\" rel=\"noopener\">C.A. &#8211; Arquitectos, Lda<\/a>.<br>\r\n<a href=\"http:\/\/www.cm-mertola.pt\/\" target=\"_blank\" rel=\"noopener\">C\u00c2MARA MUNICIPAL DE M\u00c9RTOLA<\/a>.<br>\r\n<a href=\"http:\/\/www.cm-pacosdeferreira.pt\/\" target=\"_blank\" rel=\"noopener\">C\u00c2MARA MUNICIPAL DE PA\u00c7OS DE FERREIRA<\/a>.<br>\r\n<a href=\"http:\/\/www.cotefis.com\/\" target=\"_blank\" rel=\"noopener\">COTEFIS &#8211; Gest\u00e3o de Projectos, S.A.<\/a><br>\r\n<a href=\"http:\/\/www.enescoord.pt\/\" target=\"_blank\" rel=\"noopener\">ENESCOORD \u2013 Coordena\u00e7\u00e3o e Gest\u00e3o de projectos e Obras, Lda.<\/a><br>\r\n<a href=\"http:\/\/www.fase.pt\/\" target=\"_blank\" rel=\"noopener\">FASE &#8211; Estudos e Projectos, S.A.&nbsp;<\/a><br>\r\n<a href=\"http:\/\/www.fernandoramos.pt\/\" target=\"_blank\" rel=\"noopener\">FERNADO RAMOS \u2013 Servi\u00e7os de Engenharia<\/a><br>\r\n<a href=\"http:\/\/www.floradata.pt\/\" target=\"_blank\" rel=\"noopener\">FLORADATA \u2013 Biodiversidade, Ambiente e Recursos Naturais, Lda<\/a><br>\r\n<a href=\"http:\/\/www.galbilec.pt\/\" target=\"_blank\" rel=\"noopener\">GALBILEC<\/a><a href=\"http:\/\/www.fernandoramos.pt\/\" target=\"_blank\" rel=\"noopener\">&nbsp;&#8211; Gest\u00e3o e Coordena\u00e7\u00e3o de Projectos, Lda.<\/a><br>\r\n<a href=\"http:\/\/www.gespacos.pt\/\" target=\"_blank\" rel=\"noopener\">GESPA\u00c7OS &#8211; Gest\u00e3o de Equipamentos Municipais, E.M.<\/a><br>\r\n<a href=\"http:\/\/www.sonae.pt\/\" target=\"_blank\" rel=\"noopener\">GRUPO SONAE<\/a><br>\r\n<a href=\"http:\/\/www.hidria.pt\/\" target=\"_blank\" rel=\"noopener\">HIDRIA, Estudo, Fiscaliza\u00e7\u00e3o e Realiza\u00e7\u00e3o de Projectos, Lda.<\/a><br>\r\n<a href=\"http:\/\/www.integralprojectos.pt\/\" target=\"_blank\" rel=\"noopener\">INTEGRAL PROJECTOS &#8211; Arquitectura e Engenharia<\/a><br>\r\n<a href=\"http:\/\/www.noraqua.pt\/\" target=\"_blank\" rel=\"noopener\">NORAQUA \u2013 Consultores de Engenharia, Lda.<\/a><br>\r\n<a href=\"http:\/\/www.ortogonal.pt\/\" target=\"_blank\" rel=\"noopener\">ORTOGONAL \u2013 Engenharia e Gest\u00e3o, Lda.&nbsp;<\/a><br>\r\n<a href=\"http:\/\/www.parque-escolar.pt\/\" target=\"_blank\" rel=\"noopener\">PARQUE ESCOLAR, E.P.E.&nbsp;<\/a><br>\r\n<a href=\"http:\/\/www.parquinvest.com\/\" target=\"_blank\" rel=\"noopener\">PARQUE-INVEST Sociedade Promotora de Parques Industriais, S.A.<\/a><br>\r\n<a href=\"http:\/\/www.pfrinvest.pt\/\" target=\"_blank\" rel=\"noopener\">PFR INVEST &#8211; Sociedade de Gest\u00e3o Urbana, E.M.<\/a><br>\r\n<a href=\"http:\/\/www.poliedro.pt\/\" target=\"_blank\" rel=\"noopener\">POLIEDRO \u2013 Centro de Projectos de Constru\u00e7\u00e3o, Lda.<\/a><br>\r\n<a href=\"http:\/\/www.prospectiva.pt\/\" target=\"_blank\" rel=\"noopener\">PROSPECTIVA &#8211; Projetos, Servi\u00e7os e Estudos, S.A.&nbsp;<\/a><br>\r\n<a href=\"http:\/\/www.rdlmarquitectos.com\/\" target=\"_blank\" rel=\"noopener\">RDLM \u2013 Arquitectos Associados<\/a><br>\r\n<a href=\"http:\/\/www.toposatelier.com\/\" target=\"_blank\" rel=\"noopener\">TOPOS \u2013 Atelier de Arquitectura<\/a><br>\r\n<a href=\"http:\/\/www.vectorestrategico.eu\/\" target=\"_blank\" rel=\"noopener\">VECTOR ESTRAT\u00c9GICO &#8211; Estudos e Consultoria<\/a><br>\r\n<a href=\"http:\/\/www.vitormartins.com\/\" target=\"_blank\" rel=\"noopener\">VMA \u2013 Arquitectos, SA.<\/a><\/p>\t\t\t\t\t\t\t\t<\/div>\n\t\t\t\t<\/div>\n\t\t\t\t\t<\/div>\n\t\t<\/div>\n\t\t\t\t<div class=\"elementor-column elementor-col-33 elementor-top-column elementor-element elementor-element-3a4fe20\" data-id=\"3a4fe20\" data-element_type=\"column\" data-e-type=\"column\">\n\t\t\t<div class=\"elementor-widget-wrap\">\n\t\t\t\t\t\t\t<\/div>\n\t\t<\/div>\n\t\t\t\t\t<\/div>\n\t\t<\/section>\n\t\t\t\t<\/div>\n\t\t","protected":false},"excerpt":{"rendered":"<p>Facebook Twitter Youtube RUA DR. AUGUSTO MARTINS,N\u00ba 90, 2\u00ba ANDAR, SALA 4,4470-145 MAIA Clients and Partners 560 ARCHITECTS \u00c1GUAS&nbsp;DO PORTO EM ALLVISION AQUALOGUS, Engenharia e Ambiente BIODESIGN, Ambiente e Paisagem, Lda. C.A. &#8211; Arquitectos, Lda. C\u00c2MARA MUNICIPAL DE M\u00c9RTOLA. C\u00c2MARA MUNICIPAL DE PA\u00c7OS DE FERREIRA. COTEFIS &#8211; Gest\u00e3o de Projectos, S.A. ENESCOORD \u2013 Coordena\u00e7\u00e3o e&hellip; <a class=\"more-link\" href=\"https:\/\/www.apload.pt\/en\/homepage\/landscape-architecture\/clients-and-partners\/\">Continue reading <span class=\"screen-reader-text\">CLIENTS AND PARTNERS<\/span><\/a><\/p>\n","protected":false},"author":1,"featured_media":0,"parent":3756,"menu_order":0,"comment_status":"closed","ping_status":"closed","template":"","meta":{"footnotes":""},"class_list":["post-3770","page","type-page","status-publish","hentry","entry"],"_links":{"self":[{"href":"https:\/\/www.apload.pt\/en\/wp-json\/wp\/v2\/pages\/3770","targetHints":{"allow":["GET"]}}],"collection":[{"href":"https:\/\/www.apload.pt\/en\/wp-json\/wp\/v2\/pages"}],"about":[{"href":"https:\/\/www.apload.pt\/en\/wp-json\/wp\/v2\/types\/page"}],"author":[{"embeddable":true,"href":"https:\/\/www.apload.pt\/en\/wp-json\/wp\/v2\/users\/1"}],"replies":[{"embeddable":true,"href":"https:\/\/www.apload.pt\/en\/wp-json\/wp\/v2\/comments?post=3770"}],"version-history":[{"count":5,"href":"https:\/\/www.apload.pt\/en\/wp-json\/wp\/v2\/pages\/3770\/revisions"}],"predecessor-version":[{"id":4155,"href":"https:\/\/www.apload.pt\/en\/wp-json\/wp\/v2\/pages\/3770\/revisions\/4155"}],"up":[{"embeddable":true,"href":"https:\/\/www.apload.pt\/en\/wp-json\/wp\/v2\/pages\/3756"}],"wp:attachment":[{"href":"https:\/\/www.apload.pt\/en\/wp-json\/wp\/v2\/media?parent=3770"}],"curies":[{"name":"wp","href":"https:\/\/api.w.org\/{rel}","templated":true}]}}